{"id":360,"date":"2023-11-23T03:35:56","date_gmt":"2023-11-23T03:35:56","guid":{"rendered":"https:\/\/code.webrt.net\/duhocdinhcuduc\/?page_id=360"},"modified":"2023-11-23T04:10:53","modified_gmt":"2023-11-23T04:10:53","slug":"dinh-cu-bac-si-chuyen-doi","status":"publish","type":"page","link":"https:\/\/duhoc3.mauthemewp.com\/?page_id=360","title":{"rendered":"\u0110\u1ecaNH C\u01af B\u00c1C S\u0128 CHUY\u1ec2N \u0110\u1ed4I"},"content":{"rendered":"\t<section class=\"section\" id=\"section_922560978\">\n\t\t<div class=\"bg section-bg fill bg-fill bg-loaded bg-loaded\" >\n\n\t\t\t\n\t\t\t\n\t\t\t\n\n\t\t<\/div>\n\n\t\t\n\n\t\t<div class=\"section-content relative\">\n\t\t\t\n<div class=\"row row-small\"  id=\"row-611397988\">\n\n\t<div id=\"col-1596231826\" class=\"col small-12 large-12\"  >\n\t\t\t\t<div class=\"col-inner\"  >\n\t\t\t\n\t\t\t\n\t<div class=\"ux-menu stack stack-col justify-start list-job\">\n\t\t\n\t<div class=\"ux-menu-link flex menu-item\">\n\t\t<a class=\"ux-menu-link__link flex\" href=\"https:\/\/duhoc3.mauthemewp.com\/?page_id=349\" >\n\t\t\t\t\t\t<span class=\"ux-menu-link__text\">\n\t\t\t\t\u0110\u1ecaNH C\u01af \u0110\u1ee8C\t\t\t<\/span>\n\t\t<\/a>\n\t<\/div>\n\t\n\t<div class=\"ux-menu-link flex menu-item\">\n\t\t<a class=\"ux-menu-link__link flex\" href=\"https:\/\/duhoc3.mauthemewp.com\/?page_id=358\" >\n\t\t\t\t\t\t<span class=\"ux-menu-link__text\">\n\t\t\t\t\u0110\u1ecaNH C\u01af \u0110\u1ee8C CH\u1ec8 V\u1edaI 100 TRI\u1ec6U\t\t\t<\/span>\n\t\t<\/a>\n\t<\/div>\n\t\n\t<div class=\"ux-menu-link flex menu-item\">\n\t\t<a class=\"ux-menu-link__link flex\" href=\"https:\/\/duhoc3.mauthemewp.com\/?page_id=360\" >\n\t\t\t\t\t\t<span class=\"ux-menu-link__text\">\n\t\t\t\t\u0110\u1ecaNH C\u01af B\u00c1C S\u0128 CHUY\u1ec2N \u0110\u1ed4I\t\t\t<\/span>\n\t\t<\/a>\n\t<\/div>\n\t\n\t<div class=\"ux-menu-link flex menu-item\">\n\t\t<a class=\"ux-menu-link__link flex\" href=\"https:\/\/duhoc3.mauthemewp.com\/?page_id=364\" >\n\t\t\t\t\t\t<span class=\"ux-menu-link__text\">\n\t\t\t\t\u0110\u1ecaNH C\u01af \u0110I\u1ec0U D\u01af\u1ee0NG CHUY\u1ec2N \u0110\u1ed4I\t\t\t<\/span>\n\t\t<\/a>\n\t<\/div>\n\t\n\t<\/div>\n\t\n\t\t<\/div>\n\t\t\t\t\t<\/div>\n\n\t\n<\/div>\n<div class=\"row row-collapse\"  id=\"row-673536030\">\n\n\t<div id=\"col-1606625704\" class=\"col small-12 large-12\"  >\n\t\t\t\t<div class=\"col-inner\"  >\n\t\t\t\n\t\t\t\n\t<div id=\"text-3566610119\" class=\"text title-page\">\n\t\t\n<h1>\u0110\u1ecaNH C\u01af B\u00c1C S\u0128 CHUY\u1ec2N \u0110\u1ed4I<\/h1>\n\t\t\t<\/div>\n\t\n\t\t<\/div>\n\t\t\t\t\t<\/div>\n\n\t\n\n\t<div id=\"col-1965325679\" class=\"col small-12 large-12\"  >\n\t\t\t\t<div class=\"col-inner\"  >\n\t\t\t\n\t\t\t\n<p><strong>\u0110\u1ecaNH C\u01af \u0110\u1ee8C\/\u0110\u1ecaNH C\u01af THEO DI\u1ec6N B\u00c1C S\u1ef8 CHUY\u1ec2N \u0110\u1ed4I B\u1eb0NG<\/strong><\/p>\n<p>B\u00e1c s\u1ef9 \u1edf Vi\u1ec7t Nam c\u00f3 c\u01a1 h\u1ed9i \u0111\u1ecbnh c\u01b0, h\u1ecdc v\u00e0 l\u00e0m vi\u1ec7c t\u1ea1i CHLB \u0110\u1ee9c<\/p>\n<h3><span style=\"color: #27ae60;\">\u0110\u1ecaNH C\u01af<\/span><\/h3>\n<p><img loading=\"lazy\" decoding=\"async\" src=\"https:\/\/code.webrt.net\/duhocdinhcuduc\/wp-content\/uploads\/2023\/11\/tick-40.png\" alt=\"\" width=\"40\" height=\"40\" \/>\u00a0<strong>Th\u1eddi gian, d\u1ea1ng c\u01b0 tr\u00fa, \u0111i\u1ec1u lu\u1eadt \u00e1p d\u1ee5ng<\/strong><\/p>\n<p>&#8211; Trong 5 n\u0103m \u0111\u1ea7u t\u1eeb khi sang \u0110\u1ee9c, B\u00e1c s\u1ef9 \u0111\u01b0\u1ee3c c\u1ea5p quy\u1ec1n c\u01b0 tr\u00fa nh\u01b0 c\u00f4ng d\u00e2n \u0110\u1ee9c c\u00f3 th\u1eddi h\u1ea1n, theo lu\u1eadt \u00a7\u00a7 16-17 AufenthG v\u00e0 \u00a7\u00a7 18-21 AufenthG<\/p>\n<p>&#8211; Sau 2 n\u0103m, B\u00e1c s\u1ef9 \u0111\u01b0\u1ee3c c\u1ea5p quy\u1ec1n c\u01b0 tr\u00fa th\u1ebb xanh, d\u00e0i h\u1ea1n v\u00e0 v\u0129nh vi\u1ec5n, theo \u0111i\u1ec1u lu\u1eadt \u00a79 Abs.2 Satz 1 Aufenthalt G.<\/p>\n<p><img loading=\"lazy\" decoding=\"async\" src=\"https:\/\/code.webrt.net\/duhocdinhcuduc\/wp-content\/uploads\/2023\/11\/tick-40.png\" alt=\"\" width=\"40\" height=\"40\" \/>\u00a0<strong>Ph\u01b0\u01a1ng th\u1ee9c \u0111\u1ec3 \u0111\u01b0\u1ee3c \u0111\u1ecbnh c\u01b0<\/strong><\/p>\n<p>\u0110\u1ec3 \u0111\u01b0\u1ee3c \u0111\u1ecbnh c\u01b0 theo tr\u01b0\u1eddng h\u1ee3p tr\u00ean, B\u00e1c s\u1ef9 \u1edf Vi\u1ec7t Nam s\u1ebd tham gia ch\u01b0\u01a1ng tr\u00ecnh h\u1ee3p t\u00e1c: H\u1ecdc v\u00e0 l\u00e0m vi\u1ec7c tr\u1ef1c ti\u1ebfp v\u1edbi doanh nghi\u1ec7p, c\u00e1c c\u01a1 s\u1edf y t\u1ebf \u1edf \u0110\u1ee9c c\u00f3 \u0111\u1ee7 \u0111i\u1ec1u ki\u1ec7n \u0111\u1ec3 m\u1eddi B\u00e1c s\u1ef9 n\u01b0\u1edbc ngo\u00e0i h\u1ee3p t\u00e1c h\u1ecdc v\u00e0 l\u00e0m vi\u1ec7c.<\/p>\n<p><img loading=\"lazy\" decoding=\"async\" src=\"https:\/\/code.webrt.net\/duhocdinhcuduc\/wp-content\/uploads\/2023\/11\/tick-40.png\" alt=\"\" width=\"40\" height=\"40\" \/> <strong>\u0110i\u1ec1u ki\u1ec7n \u0111\u1ec3 tham gia<\/strong><\/p>\n<p>&#8211; T\u1ed1t nghi\u1ec7p \u0110\u1ea1i h\u1ecdc chuy\u00ean ng\u00e0nh t\u00e2y y<\/p>\n<p>&#8211; Kinh nghi\u1ec7m l\u00e0m vi\u1ec7c th\u1ef1c t\u1ebf t\u1eeb 3 n\u0103m tr\u1edf l\u00ean (c\u0103n c\u1ee9 theo \u0111\u00f3ng b\u1ea3o hi\u1ec3m)<\/p>\n<p>&#8211; \u0110\u1ed5 tu\u1ed5i t\u1eeb 28 tr\u1edf l\u00ean<\/p>\n<p>&#8211; Ti\u1ebfng \u0110\u1ee9c tr\u00ecnh \u0111\u1ed9 B2\/C1. Tr\u01b0\u1eddng h\u1ee3p \u0111\u1eb7c bi\u1ec7t c\u00f3 th\u1ec3 \u00e1p d\u1ee5ng tr\u00ecnh \u0111\u1ed9 ti\u1ebfng \u0110\u1ee9c B1.<\/p>\n<h3><span style=\"color: #27ae60;\">QUY TR\u00ccNH TH\u1ef0C HI\u1ec6N<\/span><\/h3>\n<p><img loading=\"lazy\" decoding=\"async\" src=\"https:\/\/code.webrt.net\/duhocdinhcuduc\/wp-content\/uploads\/2023\/11\/tick-40.png\" alt=\"\" width=\"40\" height=\"40\" \/>\u00a0<strong>B\u01b0\u1edbc 1: H\u1ecdc ti\u1ebfng \u0110\u1ee9c t\u1ea1i Vi\u1ec7t Nam.<\/strong><\/p>\n<p>&#8211; Th\u1eddi gian: t\u1eeb 9-12 th\u00e1ng.<\/p>\n<p>&#8211; K\u1ebft qu\u1ea3: \u0110\u1ea1t B1\/B2 ti\u1ebfng \u0110\u1ee9c<\/p>\n<p><img loading=\"lazy\" decoding=\"async\" src=\"https:\/\/code.webrt.net\/duhocdinhcuduc\/wp-content\/uploads\/2023\/11\/tick-40.png\" alt=\"\" width=\"40\" height=\"40\" \/>\u00a0<strong>B\u01b0\u1edbc 2: H\u1ecdc b\u00ean \u0110\u1ee9c<\/strong><\/p>\n<p>&#8211; H\u1ecdc: Song song h\u1ecdc chuy\u00ean ng\u00e0nh v\u00e0 h\u1ecdc ti\u1ebfng \u0110\u1ee9c<\/p>\n<p>&#8211; K\u1ebft qu\u1ea3: C\u1ea5p b\u1eb1ng chuy\u00ean ng\u00e0nh Qu\u1ed1c t\u1ebf v\u00e0 ti\u1ebfng \u0110\u1ee9c tr\u00ecnh \u0111\u1ed9 B2\/C1<\/p>\n<p>&#8211; Th\u1eddi gian: t\u1eeb 24 \u2013 28 th\u00e1ng<\/p>\n<p><img loading=\"lazy\" decoding=\"async\" src=\"https:\/\/code.webrt.net\/duhocdinhcuduc\/wp-content\/uploads\/2023\/11\/tick-40.png\" alt=\"\" width=\"40\" height=\"40\" \/>\u00a0<strong>B\u01b0\u1edbc 3: L\u00e0m vi\u1ec7c<\/strong><\/p>\n<p>L\u00e0m vi\u1ec7c t\u1ea1i c\u01a1 s\u1edf \u0111\u00e3 h\u1ecdc ho\u1eb7c t\u01b0\u01a1ng t\u1ef1.<\/p>\n<h3><span style=\"color: #27ae60;\">QUY\u1ec0N L\u1ee2I<\/span><\/h3>\n<p><img loading=\"lazy\" decoding=\"async\" src=\"https:\/\/code.webrt.net\/duhocdinhcuduc\/wp-content\/uploads\/2023\/11\/tick-40.png\" alt=\"\" width=\"40\" height=\"40\" \/>\u00a0<strong>Khi h\u1ecdc b\u00ean \u0110\u1ee9c<\/strong><\/p>\n<p>&#8211; \u0110\u01b0\u1ee3c \u0111\u00e0o t\u1ea1o v\u00e0 c\u1ea5p ch\u1ee9ng ch\u1ec9 chuy\u00ean ng\u00e0nh c\u1ea5p Qu\u1ed1c t\u1ebf<\/p>\n<p>&#8211; Nh\u1eadn l\u01b0\u01a1ng t\u1eeb 2,500-3,000EUR\/th\u00e1ng, t\u01b0\u01a1ng \u0111\u01b0\u01a1ng t\u1eeb 60,000,000-80,000,000VN\u0110<\/p>\n<p><img loading=\"lazy\" decoding=\"async\" src=\"https:\/\/code.webrt.net\/duhocdinhcuduc\/wp-content\/uploads\/2023\/11\/tick-40.png\" alt=\"\" width=\"40\" height=\"40\" \/>\u00a0<strong>Khi \u0111i l\u00e0m<\/strong><\/p>\n<p>&#8211; L\u00e0m t\u1ea1i c\u01a1 s\u1edf B\u00e1c s\u1ef9 \u0111\u00e3 h\u1ecdc<\/p>\n<p>&#8211; M\u1ee9c l\u01b0\u01a1ng t\u1eeb 6,000-12,000EUR\/th\u00e1ng, t\u01b0\u01a1ng \u0111\u01b0\u01a1ng t\u1eeb 150,000,000-280,000,000VN\u0110<\/p>\n<p><img loading=\"lazy\" decoding=\"async\" src=\"https:\/\/code.webrt.net\/duhocdinhcuduc\/wp-content\/uploads\/2023\/11\/tick-40.png\" alt=\"\" width=\"40\" height=\"40\" \/>\u00a0<strong>B\u1ea3o l\u00e3nh v\u00e0 \u0111\u00f3n ng\u01b0\u1eddi th\u00e2n sang \u0111\u1ecbnh c\u01b0<\/strong><\/p>\n<p>&#8211; Trong 1-5 n\u0103m \u0111\u1ea7u, B\u00e1c s\u1ef9 \u0111\u01b0\u1ee3c \u0111\u00f3n v\u1ee3\/ch\u1ed3ng v\u00e0 con sang sinh s\u1ed1ng, v\u1edbi \u0111i\u1ec1u ki\u1ec7n:<\/p>\n<p>+ B\u00e1c s\u1ef9 c\u00f3 m\u1ee9c thu nh\u1eadp \u0111\u1ea3m b\u1ea3o t\u1ed1i thi\u1ec3u 909EUR\/ng\u01b0\u1eddi ho\u1eb7c c\u00f3 ngu\u1ed3n t\u00e0i ch\u00ednh \u0111\u1ea3m b\u1ea3o \u0111\u1ee7 m\u1ee9c s\u1ed1ng t\u1ed1i thi\u1ec3u<\/p>\n<p>+ C\u00f3 di\u1ec7n t\u00edch nh\u00e0 \u1edf \u0111\u1ee7 r\u1ed9ng theo quy \u0111\u1ecbnh v\u00e0 m\u1ed7i th\u00e0nh vi\u00ean c\u00f3 ph\u00f2ng \u1edf ri\u00eang (v\u1ee3\/ch\u1ed3ng c\u00f3 th\u1ec3 t\u00ednh chung 1 ph\u00f2ng)<\/p>\n<p>&#8211; Con nh\u1ecf d\u01b0\u1edbi 12 tu\u1ed5i, kh\u00f4ng ph\u1ea3i h\u1ecdc ti\u1ebfng \u0110\u1ee9c. C\u00f3 c\u01a1 h\u1ed9i \u0111\u01b0\u1ee3c Ch\u00ednh ph\u1ee7 \u0110\u1ee9c tr\u1ee3 c\u1ea5p nu\u00f4i.<\/p>\n<p>&#8211; Con t\u1eeb 12-18 tu\u1ed5i, tr\u00ecnh \u0111\u1ed9 ti\u1ebfng \u0110\u1ee9c t\u1eeb A1\/A2<\/p>\n<p>&#8211; Con 18 tu\u1ed5i, tr\u00ecnh \u0111\u1ed9 ti\u1ebfng \u0110\u1ee9c B1 v\u00e0 sang \u0111o\u00e0n t\u1ee5 d\u1ea1ng Du h\u1ecdc ngh\u1ec1.<\/p>\n<p>&#8211; \u00c1p d\u1ee5ng v\u1edbi c\u1ea3 tr\u01b0\u1eddng h\u1ee3p con nu\u00f4i h\u1ee3p ph\u00e1p.<\/p>\n<p>&#8211; Sau 6-7 n\u0103m \u0111\u01b0\u1ee3c nh\u1eadp c\u01b0 d\u00e0i h\u1ea1n ho\u1eb7c v\u0129nh vi\u1ec5n, B\u00e1c s\u1ef9 \u0111\u01b0\u1ee3c \u0111\u00f3n b\u1ed1 m\u1eb9 (b\u1ed1\/m\u1eb9 \u0111\u1ebb, b\u1ed1\/m\u1eb9 v\u1ee3-ch\u1ed3ng), anh\/em ru\u1ed9t.<\/p>\n\t\t<\/div>\n\t\t\t\t\t<\/div>\n\n\t\n<\/div>\n\t\t<\/div>\n\n\t\t\n<style>\n#section_922560978 {\n  padding-top: 30px;\n  padding-bottom: 30px;\n}\n<\/style>\n\t<\/section>\n\t\n","protected":false},"excerpt":{"rendered":"","protected":false},"author":3,"featured_media":0,"parent":0,"menu_order":0,"comment_status":"closed","ping_status":"closed","template":"page-blank.php","meta":{"footnotes":""},"class_list":["post-360","page","type-page","status-publish","hentry"],"yoast_head":"<!-- This site is optimized with the Yoast SEO plugin v21.5 - https:\/\/yoast.com\/wordpress\/plugins\/seo\/ -->\n<title>\u0110\u1ecaNH C\u01af B\u00c1C S\u0128 CHUY\u1ec2N \u0110\u1ed4I - duhocdinhcuduc<\/title>\n<meta name=\"robots\" content=\"noindex, follow, max-snippet:-1, max-image-preview:large, max-video-preview:-1\" \/>\n<meta property=\"og:locale\" content=\"vi_VN\" \/>\n<meta property=\"og:type\" content=\"article\" \/>\n<meta property=\"og:title\" content=\"\u0110\u1ecaNH C\u01af B\u00c1C S\u0128 CHUY\u1ec2N \u0110\u1ed4I - duhocdinhcuduc\" \/>\n<meta property=\"og:url\" content=\"https:\/\/duhoc3.mauthemewp.com\/?page_id=360\" \/>\n<meta property=\"og:site_name\" content=\"duhocdinhcuduc\" \/>\n<meta property=\"article:modified_time\" content=\"2023-11-23T04:10:53+00:00\" \/>\n<meta property=\"og:image\" content=\"https:\/\/code.webrt.net\/duhocdinhcuduc\/wp-content\/uploads\/2023\/11\/tick-40.png\" \/>\n<meta name=\"twitter:card\" content=\"summary_large_image\" \/>\n<meta name=\"twitter:label1\" content=\"\u01af\u1edbc t\u00ednh th\u1eddi gian \u0111\u1ecdc\" \/>\n\t<meta name=\"twitter:data1\" content=\"1 ph\u00fat\" \/>\n<script type=\"application\/ld+json\" class=\"yoast-schema-graph\">{\"@context\":\"https:\/\/schema.org\",\"@graph\":[{\"@type\":\"WebPage\",\"@id\":\"https:\/\/duhoc3.mauthemewp.com\/?page_id=360\",\"url\":\"https:\/\/duhoc3.mauthemewp.com\/?page_id=360\",\"name\":\"\u0110\u1ecaNH C\u01af B\u00c1C S\u0128 CHUY\u1ec2N \u0110\u1ed4I - duhocdinhcuduc\",\"isPartOf\":{\"@id\":\"https:\/\/duhoc3.mauthemewp.com\/#website\"},\"datePublished\":\"2023-11-23T03:35:56+00:00\",\"dateModified\":\"2023-11-23T04:10:53+00:00\",\"breadcrumb\":{\"@id\":\"https:\/\/duhoc3.mauthemewp.com\/?page_id=360#breadcrumb\"},\"inLanguage\":\"vi\",\"potentialAction\":[{\"@type\":\"ReadAction\",\"target\":[\"https:\/\/duhoc3.mauthemewp.com\/?page_id=360\"]}]},{\"@type\":\"BreadcrumbList\",\"@id\":\"https:\/\/duhoc3.mauthemewp.com\/?page_id=360#breadcrumb\",\"itemListElement\":[{\"@type\":\"ListItem\",\"position\":1,\"name\":\"Trang ch\u1ee7\",\"item\":\"https:\/\/duhoc3.mauthemewp.com\/\"},{\"@type\":\"ListItem\",\"position\":2,\"name\":\"\u0110\u1ecaNH C\u01af B\u00c1C S\u0128 CHUY\u1ec2N \u0110\u1ed4I\"}]},{\"@type\":\"WebSite\",\"@id\":\"https:\/\/duhoc3.mauthemewp.com\/#website\",\"url\":\"https:\/\/duhoc3.mauthemewp.com\/\",\"name\":\"duhocdinhcuduc\",\"description\":\"\",\"publisher\":{\"@id\":\"https:\/\/duhoc3.mauthemewp.com\/#organization\"},\"potentialAction\":[{\"@type\":\"SearchAction\",\"target\":{\"@type\":\"EntryPoint\",\"urlTemplate\":\"https:\/\/duhoc3.mauthemewp.com\/?s={search_term_string}\"},\"query-input\":\"required name=search_term_string\"}],\"inLanguage\":\"vi\"},{\"@type\":\"Organization\",\"@id\":\"https:\/\/duhoc3.mauthemewp.com\/#organization\",\"name\":\"duhocdinhcuduc\",\"url\":\"https:\/\/duhoc3.mauthemewp.com\/\",\"logo\":{\"@type\":\"ImageObject\",\"inLanguage\":\"vi\",\"@id\":\"https:\/\/duhoc3.mauthemewp.com\/#\/schema\/logo\/image\/\",\"url\":\"https:\/\/code.webrt.net\/bacaysoigroup\/wp-content\/uploads\/2023\/11\/logo-3caysoi.png\",\"contentUrl\":\"https:\/\/code.webrt.net\/bacaysoigroup\/wp-content\/uploads\/2023\/11\/logo-3caysoi.png\",\"width\":282,\"height\":279,\"caption\":\"duhocdinhcuduc\"},\"image\":{\"@id\":\"https:\/\/duhoc3.mauthemewp.com\/#\/schema\/logo\/image\/\"}}]}<\/script>\n<!-- \/ Yoast SEO plugin. -->","yoast_head_json":{"title":"\u0110\u1ecaNH C\u01af B\u00c1C S\u0128 CHUY\u1ec2N \u0110\u1ed4I - duhocdinhcuduc","robots":{"index":"noindex","follow":"follow","max-snippet":"max-snippet:-1","max-image-preview":"max-image-preview:large","max-video-preview":"max-video-preview:-1"},"og_locale":"vi_VN","og_type":"article","og_title":"\u0110\u1ecaNH C\u01af B\u00c1C S\u0128 CHUY\u1ec2N \u0110\u1ed4I - duhocdinhcuduc","og_url":"https:\/\/duhoc3.mauthemewp.com\/?page_id=360","og_site_name":"duhocdinhcuduc","article_modified_time":"2023-11-23T04:10:53+00:00","og_image":[{"url":"https:\/\/code.webrt.net\/duhocdinhcuduc\/wp-content\/uploads\/2023\/11\/tick-40.png"}],"twitter_card":"summary_large_image","twitter_misc":{"\u01af\u1edbc t\u00ednh th\u1eddi gian \u0111\u1ecdc":"1 ph\u00fat"},"schema":{"@context":"https:\/\/schema.org","@graph":[{"@type":"WebPage","@id":"https:\/\/duhoc3.mauthemewp.com\/?page_id=360","url":"https:\/\/duhoc3.mauthemewp.com\/?page_id=360","name":"\u0110\u1ecaNH C\u01af B\u00c1C S\u0128 CHUY\u1ec2N \u0110\u1ed4I - duhocdinhcuduc","isPartOf":{"@id":"https:\/\/duhoc3.mauthemewp.com\/#website"},"datePublished":"2023-11-23T03:35:56+00:00","dateModified":"2023-11-23T04:10:53+00:00","breadcrumb":{"@id":"https:\/\/duhoc3.mauthemewp.com\/?page_id=360#breadcrumb"},"inLanguage":"vi","potentialAction":[{"@type":"ReadAction","target":["https:\/\/duhoc3.mauthemewp.com\/?page_id=360"]}]},{"@type":"BreadcrumbList","@id":"https:\/\/duhoc3.mauthemewp.com\/?page_id=360#breadcrumb","itemListElement":[{"@type":"ListItem","position":1,"name":"Trang ch\u1ee7","item":"https:\/\/duhoc3.mauthemewp.com\/"},{"@type":"ListItem","position":2,"name":"\u0110\u1ecaNH C\u01af B\u00c1C S\u0128 CHUY\u1ec2N \u0110\u1ed4I"}]},{"@type":"WebSite","@id":"https:\/\/duhoc3.mauthemewp.com\/#website","url":"https:\/\/duhoc3.mauthemewp.com\/","name":"duhocdinhcuduc","description":"","publisher":{"@id":"https:\/\/duhoc3.mauthemewp.com\/#organization"},"potentialAction":[{"@type":"SearchAction","target":{"@type":"EntryPoint","urlTemplate":"https:\/\/duhoc3.mauthemewp.com\/?s={search_term_string}"},"query-input":"required name=search_term_string"}],"inLanguage":"vi"},{"@type":"Organization","@id":"https:\/\/duhoc3.mauthemewp.com\/#organization","name":"duhocdinhcuduc","url":"https:\/\/duhoc3.mauthemewp.com\/","logo":{"@type":"ImageObject","inLanguage":"vi","@id":"https:\/\/duhoc3.mauthemewp.com\/#\/schema\/logo\/image\/","url":"https:\/\/code.webrt.net\/bacaysoigroup\/wp-content\/uploads\/2023\/11\/logo-3caysoi.png","contentUrl":"https:\/\/code.webrt.net\/bacaysoigroup\/wp-content\/uploads\/2023\/11\/logo-3caysoi.png","width":282,"height":279,"caption":"duhocdinhcuduc"},"image":{"@id":"https:\/\/duhoc3.mauthemewp.com\/#\/schema\/logo\/image\/"}}]}},"_links":{"self":[{"href":"https:\/\/duhoc3.mauthemewp.com\/index.php?rest_route=\/wp\/v2\/pages\/360"}],"collection":[{"href":"https:\/\/duhoc3.mauthemewp.com\/index.php?rest_route=\/wp\/v2\/pages"}],"about":[{"href":"https:\/\/duhoc3.mauthemewp.com\/index.php?rest_route=\/wp\/v2\/types\/page"}],"author":[{"embeddable":true,"href":"https:\/\/duhoc3.mauthemewp.com\/index.php?rest_route=\/wp\/v2\/users\/3"}],"replies":[{"embeddable":true,"href":"https:\/\/duhoc3.mauthemewp.com\/index.php?rest_route=%2Fwp%2Fv2%2Fcomments&post=360"}],"version-history":[{"count":6,"href":"https:\/\/duhoc3.mauthemewp.com\/index.php?rest_route=\/wp\/v2\/pages\/360\/revisions"}],"predecessor-version":[{"id":401,"href":"https:\/\/duhoc3.mauthemewp.com\/index.php?rest_route=\/wp\/v2\/pages\/360\/revisions\/401"}],"wp:attachment":[{"href":"https:\/\/duhoc3.mauthemewp.com\/index.php?rest_route=%2Fwp%2Fv2%2Fmedia&parent=360"}],"curies":[{"name":"wp","href":"https:\/\/api.w.org\/{rel}","templated":true}]}}