{"id":358,"date":"2023-11-23T03:34:26","date_gmt":"2023-11-23T03:34:26","guid":{"rendered":"https:\/\/code.webrt.net\/duhocdinhcuduc\/?page_id=358"},"modified":"2024-04-05T04:26:51","modified_gmt":"2024-04-05T04:26:51","slug":"dinh-cu-duc-chi-voi-100-trieu","status":"publish","type":"page","link":"https:\/\/duhoc3.mauthemewp.com\/?page_id=358","title":{"rendered":"DANH S\u00c1CH C\u00c1C TR\u01af\u1edcNG DU H\u1eccC NGH\u1ec0 T\u1ea0I \u0110\u1ee8C"},"content":{"rendered":"\t<section class=\"section\" id=\"section_579203535\">\n\t\t<div class=\"bg section-bg fill bg-fill bg-loaded bg-loaded\" >\n\n\t\t\t\n\t\t\t\n\t\t\t\n\n\t\t<\/div>\n\n\t\t\n\n\t\t<div class=\"section-content relative\">\n\t\t\t\n<div class=\"row row-small\"  id=\"row-108527667\">\n\n\t<div id=\"col-539403797\" class=\"col small-12 large-12\"  >\n\t\t\t\t<div class=\"col-inner\"  >\n\t\t\t\n\t\t\t\n\t<div class=\"ux-menu stack stack-col justify-start list-job\">\n\t\t\n\t<div class=\"ux-menu-link flex menu-item\">\n\t\t<a class=\"ux-menu-link__link flex\" href=\"https:\/\/duhoc3.mauthemewp.com\/?page_id=349\" >\n\t\t\t\t\t\t<span class=\"ux-menu-link__text\">\n\t\t\t\t\u0110\u1ecaNH C\u01af \u0110\u1ee8C\t\t\t<\/span>\n\t\t<\/a>\n\t<\/div>\n\t\n\t<div class=\"ux-menu-link flex menu-item\">\n\t\t<a class=\"ux-menu-link__link flex\" href=\"https:\/\/duhoc3.mauthemewp.com\/?page_id=358\" >\n\t\t\t\t\t\t<span class=\"ux-menu-link__text\">\n\t\t\t\tDANH S\u00c1CH C\u00c1C TR\u01af\u1edcNG DU H\u1eccC NGH\u1ec0 T\u1ea0I \u0110\u1ee8C\t\t\t<\/span>\n\t\t<\/a>\n\t<\/div>\n\t\n\t<div class=\"ux-menu-link flex menu-item\">\n\t\t<a class=\"ux-menu-link__link flex\" href=\"https:\/\/duhoc3.mauthemewp.com\/?page_id=360\" >\n\t\t\t\t\t\t<span class=\"ux-menu-link__text\">\n\t\t\t\t\u0110\u1ecaNH C\u01af B\u00c1C S\u0128 CHUY\u1ec2N \u0110\u1ed4I\t\t\t<\/span>\n\t\t<\/a>\n\t<\/div>\n\t\n\t<div class=\"ux-menu-link flex menu-item\">\n\t\t<a class=\"ux-menu-link__link flex\" href=\"https:\/\/duhoc3.mauthemewp.com\/?page_id=364\" >\n\t\t\t\t\t\t<span class=\"ux-menu-link__text\">\n\t\t\t\t\u0110\u1ecaNH C\u01af \u0110I\u1ec0U D\u01af\u1ee0NG CHUY\u1ec2N \u0110\u1ed4I\t\t\t<\/span>\n\t\t<\/a>\n\t<\/div>\n\t\n\t<\/div>\n\t\n\t\t<\/div>\n\t\t\t\t\t<\/div>\n\n\t\n<\/div>\n<div class=\"row row-collapse\"  id=\"row-1741740865\">\n\n\t<div id=\"col-1922859596\" class=\"col small-12 large-12\"  >\n\t\t\t\t<div class=\"col-inner\"  >\n\t\t\t\n\t\t\t\n\t<div id=\"text-515244492\" class=\"text title-page\">\n\t\t\n<h1>DANH S\u00c1CH C\u00c1C TR\u01af\u1edcNG DU H\u1eccC NGH\u1ec0 T\u1ea0I \u0110\u1ee8C<\/h1>\n\t\t\t<\/div>\n\t\n\t\t<\/div>\n\t\t\t\t\t<\/div>\n\n\t\n\n\t<div id=\"col-553522564\" class=\"col small-12 large-12\"  >\n\t\t\t\t<div class=\"col-inner\"  >\n\t\t\t\n\t\t\t\n<p style=\"text-align: center;\"><span style=\"font-size: 110%;\"><strong><\/strong><\/span><\/p>\n<p style=\"text-align: center;\"><span style=\"font-size: 110%;\"><strong><\/strong><\/span><\/p>\n<p><strong><br \/>\nDanh s\u00e1ch c\u00e1c tr\u01b0\u1eddng du h\u1ecdc ngh\u1ec1 uy t\u00edn t\u1ea1i \u0110\u1ee9c n\u1ed5i ti\u1ebfng tr\u00ean to\u00e0n th\u1ebf gi\u1edbi b\u1edfi ch\u1ea5t l\u01b0\u1ee3ng \u0111\u00e0o t\u1ea1o, y\u1ebfu t\u1ed1 \u0111\u1ea7u ra, v\u00e0 nh\u1eefng \u01b0u \u0111\u00e3i \u0111\u1eb7c bi\u1ec7t d\u00e0nh cho h\u1ecdc vi\u00ean. C\u00e1c nh\u00e0 tuy\u1ec3n d\u1ee5ng \u0111\u00e1nh gi\u00e1 cao b\u1eb1ng c\u1ea5p c\u1ee7a \u0110\u1ee9c. B\u1edfi l\u1ebd ng\u01b0\u1eddi lao \u0111\u1ed9ng sau khi du h\u1ecdc ngh\u1ec1 \u0110\u1ee9c \u0111\u1ec1u c\u00f3 n\u0103ng l\u1ef1c l\u00e0m vi\u1ec7c t\u1ed1t, tinh th\u1ea7n tr\u00e1ch nhi\u1ec7m cao. \u0110\u1eb7c bi\u1ec7t l\u00e0 nh\u1eefng quy\u1ec1n l\u1ee3i h\u1ea5p d\u1eabn d\u00e0nh cho ng\u01b0\u1eddi lao \u0111\u1ed9ng sau khi t\u1ed1t nghi\u1ec7p t\u1ea1i \u0110\u1ee9c. D\u01b0\u1edbi \u0111\u00e2y l\u00e0 danh s\u00e1ch c\u00e1c tr\u01b0\u1eddng du h\u1ecdc ngh\u1ec1 uy t\u00edn t\u1ea1i \u0110\u1ee9c c\u00f9ng Green Sun tham kh\u1ea3o nh\u00e9!<\/p>\n<p>1. Danh s\u00e1ch c\u00e1c tr\u01b0\u1eddng du h\u1ecdc ngh\u1ec1 uy t\u00edn t\u1ea1i \u0110\u1ee9c: Tr\u01b0\u1eddng du h\u1ecdc ngh\u1ec1 WBS Training, \u0110\u1ee9c<br \/>\nDanh s\u00e1ch c\u00e1c tr\u01b0\u1eddng du h\u1ecdc ngh\u1ec1 uy t\u00edn t\u1ea1i \u0110\u1ee9c v\u1edbi h\u01a1n 1.000 nh\u00e2n vi\u00ean, WBS Training (WBS) \u0111i\u1ec1u h\u00e0nh h\u01a1n 160 trung t\u00e2m \u0111\u00e0o t\u1ea1o tr\u00ean to\u00e0n n\u01b0\u1edbc \u0110\u1ee9c. WBS cung c\u1ea5p ch\u01b0\u01a1ng tr\u00ecnh gi\u00e1o d\u1ee5c v\u00e0 \u0111\u00e0o t\u1ea1o ngh\u1ec1 cho sinh vi\u00ean, \u0111\u00e0o t\u1ea1o kinh doanh cho c\u00e1c c\u00f4ng ty v\u00e0 c\u00e1c d\u1ef1 \u00e1n \u0111\u00e0o t\u1ea1o t\u1ea1i ch\u00e2u \u00c2u.<\/p>\n<p>Ch\u01b0\u01a1ng tr\u00ecnh \u0111\u00e0o t\u1ea1o ngh\u1ec1 \u0110\u1ee9c c\u1ee7a tr\u01b0\u1eddng r\u1ea5t r\u1ed9ng:<\/p>\n<p>\u2013 \u0110\u00e0o t\u1ea1o v\u1ec1 CNTT (v\u00ed d\u1ee5: SAP, AutoCAD)<\/p>\n<p>\u2013 \u0110\u00e0o t\u1ea1o qu\u1ea3n l\u00fd, t\u1eeb t\u1ef1 \u0111\u1ed9ng h\u00f3a v\u00e0 n\u0103ng l\u01b0\u1ee3ng t\u00e1i t\u1ea1o<\/p>\n<p>\u2013 H\u1ed7 tr\u1ee3 ch\u0103m s\u00f3c s\u1ee9c kh\u1ecfe, ch\u0103m s\u00f3c b\u1ec7nh nh\u00e2n sa s\u00fat tr\u00ed tu\u1ec7,<\/p>\n<p>\u2013 Qu\u1ea3n l\u00fd ch\u0103m s\u00f3c s\u1ee9c kh\u1ecfe v\u00e0 s\u1ed5 s\u00e1ch k\u1ebf to\u00e1n,<\/p>\n<p>\u2013 Qu\u1ea3n l\u00fd ch\u1ea5t l\u01b0\u1ee3ng trong c\u00e1c t\u1ed5 ch\u1ee9c ch\u0103m s\u00f3c y t\u1ebf v\u00e0 x\u00e3 h\u1ed9i.<\/p>\n<p>Do \u0111\u00f3, WBS Trainnig l\u00e0 m\u1ed9t trong nh\u1eefng nh\u00e0 cung c\u1ea5p d\u1ecbch v\u1ee5 v\u00e0 \u0111\u00e0o t\u1ea1o ngh\u1ec1 \u0111\u1ed9c l\u1eadp quan tr\u1ecdng nh\u1ea5t \u1edf \u0110\u1ee9c. H\u01a1n n\u1eefa, c\u00e1c tr\u01b0\u1eddng d\u1ea1y ngh\u1ec1 li\u00ean k\u1ebft c\u1ee7a WBS Training cung c\u1ea5p \u0111\u00e0o t\u1ea1o ngh\u1ec1 ban \u0111\u1ea7u cho c\u00e1c ng\u00e0nh ngh\u1ec1 y t\u00e1 l\u00e3o khoa, tr\u1ee3 l\u00fd ch\u0103m s\u00f3c x\u00e3 h\u1ed9i, gi\u00e1o vi\u00ean m\u1eabu gi\u00e1o v\u00e0 nhi\u1ec1u h\u01a1n n\u1eefa. V\u00e0 \u0111\u00e2y l\u00e0 1 trong nh\u1eefng danh s\u00e1ch c\u00e1c tr\u01b0\u1eddng du h\u1ecdc ngh\u1ec1 uy t\u00edn t\u1ea1i \u0110\u1ee9c.<\/p>\n<p>2. Danh s\u00e1ch c\u00e1c tr\u01b0\u1eddng du h\u1ecdc ngh\u1ec1 uy t\u00edn t\u1ea1i \u0110\u1ee9c: Tr\u01b0\u1eddng \u0111\u00e0o t\u1ea1o \u0111i\u1ec1u d\u01b0\u1ee1ng l\u00e3o khoa v\u00e0 d\u1ecbch v\u1ee5 c\u1ee9u h\u1ed9 Werdau<br \/>\nTr\u01b0\u1eddng \u0111\u00e0o t\u1ea1o ngh\u1ec1 Werdau \u0111\u01b0\u1ee3c th\u00e0nh l\u1eadp t\u1eeb n\u0103m 1992, c\u00f3 g\u1ea7n 30 n\u0103m kinh nghi\u1ec7m \u0111\u00e0o t\u1ea1o theo m\u00f4 h\u00ecnh \u0111\u00e0o t\u1ea1o ngh\u1ec1 k\u00e9p n\u1ed5i ti\u1ebfng t\u1ea1i \u0110\u1ee9c. Tr\u01b0\u1eddng c\u00f3 tr\u1ee5 s\u1edf duy nh\u1ea5t t\u1ea1i th\u1ecb tr\u1ea5n Werdau, th\u00e0nh ph\u1ed1 Zwickau, bang Sachsen, thu\u1ed9c mi\u1ec1n \u0111\u00f4ng n\u01b0\u1edbc \u0110\u1ee9c. T\u1eeb Zwickau c\u00f3 k\u1ebft n\u1ed1i giao th\u00f4ng thu\u1eadn ti\u1ec7n t\u1edbi c\u00e1c th\u00e0nh ph\u1ed1 kh\u00e1c t\u1ea1i mi\u1ec1n \u0110\u00f4ng v\u00e0 mi\u1ec1n trung n\u01b0\u1edbc \u0110\u1ee9c nh\u01b0 Leipzig, Dresden v\u00e0 Erfurt.<\/p>\n<p>Tr\u01b0\u1eddng c\u00f3 tr\u1ee5 s\u1edf duy nh\u1ea5t t\u1ea1i th\u1ecb tr\u1ea5n Werdau, th\u00e0nh ph\u1ed1 Zwickau, bang Sachsen<\/p>\n<p>Tr\u01b0\u1eddng \u0111\u00e0o t\u1ea1o c\u00e1c chuy\u00ean ng\u00e0nh ch\u00ednh sau:<\/p>\n<p>\u2013 D\u1ecbch v\u1ee5 ch\u0103m s\u00f3c ngo\u1ea1i tr\u00fa;<\/p>\n<p>\u2013 Tr\u01b0\u1eddng \u0111\u00e0o t\u1ea1o chuy\u00ean nghi\u1ec7p v\u00e0 cung c\u1ea5p \u0111i\u1ec1u d\u01b0\u1ee1ng, d\u1ecbch v\u1ee5 y t\u1ebf;<\/p>\n<p>\u2013 Ch\u0103m s\u00f3c ng\u01b0\u1eddi gi\u00e0, d\u1ecbch v\u1ee5 c\u1ea5p c\u1ee9u v\u00e0 c\u1ee9u th\u01b0\u01a1ng;<\/p>\n<p>Tr\u01b0\u1eddng Werdau ho\u1ea1t \u0111\u1ed9ng theo nhi\u1ec1u h\u00ecnh th\u1ee9c kh\u00e1c nhau trong l\u0129nh v\u1ef1c ch\u0103m s\u00f3c s\u1ee9c kh\u1ecfe y t\u1ebf, \u0111i\u1ec1u d\u01b0\u1ee1ng, h\u1ed7 tr\u1ee3 kh\u1ea9n c\u1ea5p v\u00e0 h\u1ed3i s\u1ee9c c\u1ea5p c\u1ee9u cho ng\u01b0\u1eddi gi\u00e0; v\u00e0 d\u1ecbch v\u1ee5 c\u1ee9u h\u1ed9. Trong \u0111\u00f3, th\u1ebf m\u1ea1nh c\u1ee7a tr\u01b0\u1eddng l\u00e0 \u0111\u00e0o t\u1ea1o v\u1ec1 ngh\u1ec1 \u0111i\u1ec1u d\u01b0\u1ee1ng l\u00e3o khoa v\u00e0 d\u1ecbch v\u1ee5 c\u1ee9u h\u1ed9. N\u0103m 2015, Tr\u01b0\u1eddng Werdau \u0111\u00e3 l\u00e0 m\u1ed9t trong nh\u1eefng \u0111\u01a1n vi\u0323 \u0111\u1ea7u ti\u00ean \u0111\u01b0\u01a1\u0323c B\u00f4\u0323 Y t\u00ea\u0301 \u0110\u01b0\u0301c c\u00f4ng nh\u00e2\u0323n \u0111a\u0323t chu\u00e2\u0309n ch\u0103m so\u0301c y t\u1ebf kh\u1ea9n c\u1ea5p va\u0300 la\u0300 \u0111\u01a1n vi\u0323 \u0111a\u0300o ta\u0323o va\u0300 cung c\u00e2\u0301p di\u0323ch vu\u0323 ha\u0300ng \u0111\u00e2\u0300u cu\u0309a \u0110\u01b0\u0301c v\u00ea\u0300 ch\u0103m so\u0301c s\u01b0\u0301c kho\u0309e ng\u01b0\u01a1\u0300i gia\u0300 va\u0300 di\u0323ch vu\u0323 c\u01b0\u0301u h\u00f4\u0323 kh\u00e2\u0309n c\u00e2\u0301p.<\/p>\n<p>V\u1edbi 26 n\u0103m trong ngh\u1ec1 \u0111\u00e0o t\u1ea1o th\u00ec hi\u1ec7n t\u1ea1i tr\u01b0\u1eddng Werdau c\u00f3 \u0111\u1ed9i ng\u0169 nh\u00e2n l\u1ef1c l\u1edbn l\u00e0m \u1edf m\u1ed9t s\u1ed1 c\u00f4ng ty l\u1edbn t\u1ea1i \u0110\u1ee9c. \u0110\u00e2y l\u00e0 m\u1ed9t trong nh\u1eefng tr\u01b0\u1eddng \u0111\u01b0\u1ee3c c\u00e1c trung t\u00e2m du h\u1ecdc ngh\u1ec1 \u0110\u1ee9c t\u1ea1i Vi\u1ec7t Nam \u0111\u00e1nh gi\u00e1 cao.<\/p>\n<p>3. Danh s\u00e1ch c\u00e1c tr\u01b0\u1eddng du h\u1ecdc ngh\u1ec1 uy t\u00edn t\u1ea1i \u0110\u1ee9c: Tr\u01b0\u1eddng du h\u1ecdc ngh\u1ec1 uy t\u00edn Ludwig Fresenius, \u0110\u1ee9c<br \/>\nTrung t\u00e2m \u0111\u00e0o t\u1ea1o y t\u1ebf \u0111\u1ea7u ti\u00ean c\u1ee7a tr\u01b0\u1eddng \u0111\u00e0o t\u1ea1o ngh\u1ec1 \u0110\u1ee9c \u0111\u01b0\u1ee3c m\u1edf t\u1ea1i Marburg, \u0110\u1ee9c v\u00e0o n\u0103m 1979. N\u0103m 1996, m\u1ea1ng l\u01b0\u1edbi c\u00f4ng ty DIE SCHULE \u0111\u01b0\u1ee3c th\u00e0nh l\u1eadp. V\u00e0o th\u00e1ng 11 n\u0103m 2016, m\u1ea1ng l\u01b0\u1edbi c\u00f4ng ty \u0111\u00e3 tr\u1ea3i qua vi\u1ec7c \u0111\u1ed5i th\u01b0\u01a1ng hi\u1ec7u tr\u00ean to\u00e0n qu\u1ed1c th\u00e0nh Tr\u01b0\u1eddng Ludwig Fresenius. C\u00e1c tr\u01b0\u1eddng Ludwig Fresenius \u0111\u01b0\u1ee3c ki\u1ec3m to\u00e1n b\u1edfi CERTQUA h\u00e0ng n\u0103m v\u00e0 \u0111\u01b0\u1ee3c ch\u1ee9ng nh\u1eadn theo c\u1ea3 ISO 9001 v\u00e0 ISO 29990 v\u00e0 \u0111\u01b0\u1ee3c AZAV ph\u00ea duy\u1ec7t l\u00e0 t\u1ed5 ch\u1ee9c gi\u00e1o d\u1ee5c.<\/p>\n<p>Tr\u01b0\u1eddng n\u00e0y cung c\u1ea5p m\u1ed9t lo\u1ea1t c\u00e1c kh\u00f3a h\u1ecdc v\u00e0 gi\u00e1o d\u1ee5c nghi\u1ec7p trong c\u00e1c l\u0129nh v\u1ef1c:<\/p>\n<p>\u2013 Khoa h\u1ecdc tr\u1ecb li\u1ec7u v\u00e0 ch\u0103m s\u00f3c s\u1ee9c kh\u1ecfe,<\/p>\n<p>\u2013 \u0110i\u1ec1u d\u01b0\u1ee1ng v\u00e0 s\u01b0 ph\u1ea1m,<\/p>\n<p>\u2013 Y h\u1ecdc v\u00e0 khoa h\u1ecdc ph\u00f2ng th\u00ed nghi\u1ec7m l\u00e2m s\u00e0ng,<\/p>\n<p>\u2013 Kinh t\u1ebf v\u00e0 c\u00f4ng ngh\u1ec7\u2026<\/p>\n<p>Trong l\u0129nh v\u1ef1c v\u1eadt l\u00fd tr\u1ecb li\u1ec7u, c\u00e1c tr\u01b0\u1eddng Ludwig Fresenius l\u00e0 c\u00f4ng ty d\u1eabn \u0111\u1ea7u th\u1ecb tr\u01b0\u1eddng t\u1ea1i \u0110\u1ee9c. Ludwig Fresenius l\u00e0 tr\u01b0\u1eddng \u0111\u00e0o t\u1ea1o ngh\u1ec1 t\u01b0 nh\u00e2n l\u1edbn nh\u1ea5t \u0110\u1ee9c v\u1edbi h\u01a1n 100 chi nh\u00e1nh. Chuy\u00ean ng\u00e0nh \u0111\u00e0o t\u1ea1o r\u1ea5t \u0111a d\u1ea1ng t\u1eeb ch\u0103m s\u00f3c s\u1ee9c kh\u1ecfe, y t\u00e1 cho \u0111\u1ebfn \u0111\u1ebfn kinh doanh v\u00e0 c\u00f4ng ngh\u1ec7.<\/p>\n<p>Ch\u1ea5t l\u01b0\u1ee3ng gi\u00e1o d\u1ee5c \u0111\u1eb7c bi\u1ec7t \u0111\u01b0\u1ee3c coi tr\u1ecdng \u1edf Ludwig Fresenius. Ludwig Fresenius c\u00f3 c\u00f3 \u0111\u01b0\u1ee3c ch\u1ee9ng nh\u1eadn ti\u00eau chu\u1ea9n DIN EN ISO 9001 v\u00e0 AZAV c\u1ee7a \u0110\u1ee9c. H\u1ecdc vi\u00ean \u0111\u01b0\u1ee3c gi\u1ea3ng d\u1ea1y b\u1edfi c\u00e1c gi\u00e1o vi\u00ean c\u00f3 tr\u00ecnh \u0111\u1ed9 cao ph\u01b0\u01a1ng ph\u00e1p gi\u1ea3ng d\u1ea1y hi\u1ec7n \u0111\u1ea1i v\u00e0 gi\u00e1o tr\u00ecnh c\u1eadp nh\u1eadt.<\/p>\n<p>4. Danh s\u00e1ch c\u00e1c tr\u01b0\u1eddng du h\u1ecdc ngh\u1ec1 uy t\u00edn t\u1ea1i \u0110\u1ee9c: Tr\u01b0\u1eddng h\u1ecdc ngh\u1ec1 Euro Akademie, \u0110\u1ee9c<br \/>\nEuro Akademie \u0111\u01b0\u1ee3c th\u00e0nh l\u1eadp t\u1ea1i Cologne, \u0110\u1ee9c v\u00e0o n\u0103m 1980 c\u0169ng l\u00e0 m\u1ed9t trong danh s\u00e1ch c\u00e1c tr\u01b0\u1eddng du h\u1ecdc ngh\u1ec1 uy t\u00edn t\u1ea1i \u0110\u1ee9c. Tr\u01b0\u1eddng nh\u01b0 l\u00e0 m\u1ed9t t\u1ed5 ch\u1ee9c gi\u00e1o d\u1ee5c c\u00f3 tr\u00ecnh \u0111\u1ed9 cao cho c\u00e1c ng\u00e0nh ngh\u1ec1 ngo\u1ea1i ng\u1eef. Trong khi \u0111\u00f3, T\u1eadp \u0111o\u00e0n Gi\u00e1o d\u1ee5c ESO c\u00f3 36 h\u1ecdc vi\u1ec7n Euro Akademie tr\u00ean kh\u1eafp n\u01b0\u1edbc \u0110\u1ee9c. Ng\u01b0\u1eddi s\u00e1ng l\u1eadp c\u1ee7a n\u00f3 l\u00e0 Pierre Semidei, \u0111\u00e3 \u0111\u00f3ng g\u00f3p \u0111\u00e1ng k\u1ec3 cho vi\u1ec7c h\u1ee3p t\u00e1c ch\u00e2u \u00c2u trong ng\u00e0nh gi\u00e1o d\u1ee5c v\u00e0 \u0111\u00e0o t\u1ea1o.<\/p>\n<p>M\u1ed9t l\u1edbp h\u1ecdc c\u1ee7a tr\u01b0\u1eddng ngh\u1ec1 Euro Akademie<\/p>\n<p>T\u1ea1i nhi\u1ec1u \u0111\u1ecba \u0111i\u1ec3m kh\u00e1c nhau tr\u00ean kh\u1eafp n\u01b0\u1edbc \u0110\u1ee9c. C\u00e1c h\u1ecdc vi\u1ec7n Euro Akademie cung c\u1ea5p ch\u01b0\u01a1ng tr\u00ecnh gi\u00e1o d\u1ee5c to\u00e0n th\u1eddi gian v\u00e0 nhi\u1ec1u ch\u01b0\u01a1ng tr\u00ecnh \u0111\u00e0o t\u1ea1o to\u00e0n th\u1eddi gian v\u00e0 b\u00e1n th\u1eddi gian.<\/p>\n<p>C\u00e1c ng\u00e0nh ngh\u1ec1 \u0111\u00e0o t\u1ea1o c\u1ee7a tr\u01b0\u1eddng Euro Akademie g\u1ed3m 4 m\u00f4n ch\u00ednh:<\/p>\n<p>\u2013 Kinh t\u1ebf v\u00e0 qu\u1ea3n l\u00fd: g\u1ed3m c\u00e1c chuy\u00ean ng\u00e0nh nh\u01b0 tr\u1ee3 l\u00fd th\u01b0\u01a1ng m\u1ea1i\/ th\u1ec3 thao\/ gi\u00e1m \u0111\u1ed1c kinh doanh, th\u01b0\u01a1ng gia Euro, kinh t\u1ebf qu\u1ea3n tr\u1ecb, qu\u1ea3n l\u00fd h\u00e0nh ch\u00ednh qu\u1ed1c t\u1ebf ESA, nh\u00e2n vi\u00ean ti\u1ebfp th\u1ecb<\/p>\n<p>\u2013 Ngo\u1ea1i ng\u1eef v\u00e0 qu\u1ed1c t\u1ebf: g\u1ed3m \u0111\u00e0o t\u1ea1o v\u1ec1 ph\u00f3ng vi\u00ean qu\u1ed1c t\u1ebf, phi\u00ean d\u1ecbch vi\u00ean<\/p>\n<p>\u2013 Gi\u00e1o d\u1ee5c v\u00e0 x\u00e3 h\u1ed9i: \u0111\u00e0o t\u1ea1o gi\u00e1o vi\u00ean, tr\u1ee3 l\u00fd gi\u00e1o d\u1ee5c x\u00e3 h\u1ed9i, c\u00f4ng t\u00e1c y t\u1ebf v\u00e0 x\u00e3 h\u1ed9i, b\u1ea3o m\u1eabu.<\/p>\n<p>\u2013 Ch\u0103m s\u00f3c s\u1ee9c kh\u1ecfe: y t\u00e1, \u0111i\u1ec1u d\u01b0\u1ee1ng, tr\u1ee3 l\u00fd y t\u1ebf.<\/p>\n<p>Du h\u1ecdc ngh\u1ec1 uy t\u00edn t\u1ea1i \u0110\u1ee9c<\/p>\n<p>5. Danh s\u00e1ch c\u00e1c tr\u01b0\u1eddng du h\u1ecdc ngh\u1ec1 uy t\u00edn t\u1ea1i \u0110\u1ee9c: Tr\u01b0\u1eddng \u0111\u00e0o t\u1ea1o Dehoga Thuringen<br \/>\nDehoga l\u00e0 m\u1ed9t trong nh\u1eefng t\u1eadp \u0111o\u00e0n l\u1edbn nh\u1ea5t t\u1ea1i \u0110\u1ee9c trong l\u0129nh v\u1ef1c nh\u00e0 h\u00e0ng, kh\u00e1ch s\u1ea1n. Ch\u00ednh v\u00ec v\u1eady tr\u01b0\u1eddng Dehoga Thuringen l\u00e0 m\u1ed9t tr\u01b0\u1eddng chuy\u00ean s\u00e2u \u0111\u00e0o t\u1ea1o v\u1ec1 ng\u00e0nh nh\u00e0 h\u00e0ng kh\u00e1ch s\u1ea1n. Tr\u01b0\u1eddng n\u00e0y \u0111\u01b0\u1ee3c th\u00e0nh l\u1eadp n\u0103m 1990 t\u1ea1i \u0110\u1ee9c.<\/p>\n<p>Tr\u01b0\u1eddng \u0111\u00e0o t\u1ea1o Dehoga Thuringen v\u1edbi nhi\u1ec1u th\u00e0nh t\u00edch xu\u1ea5t s\u1eafc<\/p>\n<p>\u2013 Tr\u01b0\u1eddng cung c\u1ea5p cho c\u00e1c h\u1ecdc vi\u00ean c\u00e1c kh\u00f3a h\u1ecdc nh\u01b0:<\/p>\n<p>\u2013 K\u1ef9 n\u0103ng chuy\u00ean m\u00f4n v\u1ec1 ti\u1ebfp t\u00e2n, ph\u1ee5c v\u1ee5 b\u00e0n<\/p>\n<p>\u2013 K\u1ef9 n\u0103ng \u0111\u00f3n kh\u00e1ch, nghe \u0111i\u1ec7n tho\u1ea1i v\u00e0 h\u1ed7 tr\u1ee3 t\u1ed5 ch\u1ee9c s\u1ef1 ki\u1ec7n li\u00ean quan kh\u00e1ch h\u00e0ng \u0111\u1ebfn kh\u00e1ch s\u1ea1n.<\/p>\n<p>\u2013 K\u1ef9 n\u0103ng d\u1ecdn d\u1eb9p ph\u00f2ng, ti\u1ec7c trong kh\u00e1ch s\u1ea1n.<\/p>\n<p>\u2013 Kinh doanh c\u00e1c s\u1ea3n ph\u1ea9m c\u1ee7a c\u00f4ng ty<\/p>\n<p>\u0110\u1ebfn v\u1edbi Dehoga Th\u00fcringen, b\u1ea1n s\u1ebd ph\u00e1t tri\u1ec3n b\u1ea3n th\u00e2n v\u1edbi nhi\u1ec1u ki\u1ebfn th\u1ee9c li\u00ean quan v\u1ec1 marketing trong nh\u00e0 h\u00e0ng kh\u00e1ch s\u1ea1n. Qu\u1ea3n tr\u1ecb nh\u00e2n s\u1ef1 v\u00e0 \u0111\u01b0\u1ee3c \u0111\u00e0o t\u1ea1o n\u00e2ng cao ngo\u1ea1i ng\u1eef \u0111\u1ec3 ph\u1ee5c v\u1ee5 t\u1ed1t nh\u1ea5t cho kh\u00e1ch h\u00e0ng.<\/p>\n<p>Tr\u00ean \u0111\u00e2y l\u00e0 danh s\u00e1ch c\u00e1c tr\u01b0\u1eddng \u0111\u00e0o t\u1ea1o ngh\u1ec1 uy t\u00edn t\u1ea1i \u0110\u1ee9c. C\u00e1c b\u1ea1n n\u00ean tham kh\u1ea3o \u0111\u1ec3 ch\u1ecdn l\u1ef1a tr\u01b0\u1eddng ph\u00f9 h\u1ee3p v\u1edbi mong mu\u1ed1n c\u1ee7a m\u00ecnh. Tuy nhi\u00ean, tr\u01b0\u1edbc khi tham gia v\u00e0o ch\u01b0\u01a1ng tr\u00ecnh \u0111\u00e0o t\u1ea1o ngh\u1ec1 t\u1ea1i \u0110\u1ee9c th\u00ec c\u00e1c b\u1ea1n c\u0169ng c\u1ea7n \u0111\u1ebfn nh\u1eefng \u0111\u1ecba ch\u1ec9 t\u01b0 v\u1ea5n chu \u0111\u00e1o v\u00e0 nhi\u1ec7t t\u00ecnh. Green Sun v\u1edbi nhi\u1ec1u n\u0103m kinh nghi\u1ec7m trong l\u0129nh v\u1ef1c t\u01b0 v\u1ea5n du h\u1ecdc s\u1ebd gi\u00fap c\u00e1c b\u1ea1n ho\u00e0n thi\u1ec7n th\u1ee7 t\u1ee5c du h\u1ecdc v\u00e0 th\u1ef1c hi\u1ec7n \u01b0\u1edbc m\u01a1 du h\u1ecdc s\u1edbm nh\u1ea5t. Li\u00ean h\u1ec7 ngay v\u1edbi ch\u00fang t\u00f4i qua hotline: 0338.037.222 \u0111\u1ec3 \u0111\u01b0\u1ee3c h\u1ed7 tr\u1ee3 c\u00e1c v\u1ea5n \u0111\u1ec1 v\u1ec1 du h\u1ecdc \u0110\u1ee9c \u2013 Vi\u1ec7c l\u00e0m \u0110\u1ee9c nh\u00e9!<\/p>\n\t\t<\/div>\n\t\t\t\t\t<\/div>\n\n\t\n<\/div>\n\t\t<\/div>\n\n\t\t\n<style>\n#section_579203535 {\n  padding-top: 30px;\n  padding-bottom: 30px;\n}\n<\/style>\n\t<\/section>\n\t\n","protected":false},"excerpt":{"rendered":"","protected":false},"author":3,"featured_media":0,"parent":0,"menu_order":0,"comment_status":"closed","ping_status":"closed","template":"page-blank.php","meta":{"footnotes":""},"class_list":["post-358","page","type-page","status-publish","hentry"],"yoast_head":"<!-- This site is optimized with the Yoast SEO plugin v21.5 - https:\/\/yoast.com\/wordpress\/plugins\/seo\/ -->\n<title>DANH S\u00c1CH C\u00c1C TR\u01af\u1edcNG DU H\u1eccC NGH\u1ec0 T\u1ea0I \u0110\u1ee8C - duhocdinhcuduc<\/title>\n<meta name=\"robots\" content=\"noindex, follow, max-snippet:-1, max-image-preview:large, max-video-preview:-1\" \/>\n<meta property=\"og:locale\" content=\"vi_VN\" \/>\n<meta property=\"og:type\" content=\"article\" \/>\n<meta property=\"og:title\" content=\"DANH S\u00c1CH C\u00c1C TR\u01af\u1edcNG DU H\u1eccC NGH\u1ec0 T\u1ea0I \u0110\u1ee8C - duhocdinhcuduc\" \/>\n<meta property=\"og:url\" content=\"https:\/\/duhoc3.mauthemewp.com\/?page_id=358\" \/>\n<meta property=\"og:site_name\" content=\"duhocdinhcuduc\" \/>\n<meta property=\"article:modified_time\" content=\"2024-04-05T04:26:51+00:00\" \/>\n<meta property=\"og:image\" content=\"https:\/\/duhoc3.mauthemewp.com\/wp-content\/uploads\/2023\/11\/logo-3caysoi.png\" \/>\n\t<meta property=\"og:image:width\" content=\"282\" \/>\n\t<meta property=\"og:image:height\" content=\"279\" \/>\n\t<meta property=\"og:image:type\" content=\"image\/png\" \/>\n<meta name=\"twitter:card\" content=\"summary_large_image\" \/>\n<meta name=\"twitter:label1\" content=\"\u01af\u1edbc t\u00ednh th\u1eddi gian \u0111\u1ecdc\" \/>\n\t<meta name=\"twitter:data1\" content=\"5 ph\u00fat\" \/>\n<script type=\"application\/ld+json\" class=\"yoast-schema-graph\">{\"@context\":\"https:\/\/schema.org\",\"@graph\":[{\"@type\":\"WebPage\",\"@id\":\"https:\/\/duhoc3.mauthemewp.com\/?page_id=358\",\"url\":\"https:\/\/duhoc3.mauthemewp.com\/?page_id=358\",\"name\":\"DANH S\u00c1CH C\u00c1C TR\u01af\u1edcNG DU H\u1eccC NGH\u1ec0 T\u1ea0I \u0110\u1ee8C - duhocdinhcuduc\",\"isPartOf\":{\"@id\":\"https:\/\/duhoc3.mauthemewp.com\/#website\"},\"datePublished\":\"2023-11-23T03:34:26+00:00\",\"dateModified\":\"2024-04-05T04:26:51+00:00\",\"breadcrumb\":{\"@id\":\"https:\/\/duhoc3.mauthemewp.com\/?page_id=358#breadcrumb\"},\"inLanguage\":\"vi\",\"potentialAction\":[{\"@type\":\"ReadAction\",\"target\":[\"https:\/\/duhoc3.mauthemewp.com\/?page_id=358\"]}]},{\"@type\":\"BreadcrumbList\",\"@id\":\"https:\/\/duhoc3.mauthemewp.com\/?page_id=358#breadcrumb\",\"itemListElement\":[{\"@type\":\"ListItem\",\"position\":1,\"name\":\"Trang ch\u1ee7\",\"item\":\"https:\/\/duhoc3.mauthemewp.com\/\"},{\"@type\":\"ListItem\",\"position\":2,\"name\":\"DANH S\u00c1CH C\u00c1C TR\u01af\u1edcNG DU H\u1eccC NGH\u1ec0 T\u1ea0I \u0110\u1ee8C\"}]},{\"@type\":\"WebSite\",\"@id\":\"https:\/\/duhoc3.mauthemewp.com\/#website\",\"url\":\"https:\/\/duhoc3.mauthemewp.com\/\",\"name\":\"duhocdinhcuduc\",\"description\":\"\",\"publisher\":{\"@id\":\"https:\/\/duhoc3.mauthemewp.com\/#organization\"},\"potentialAction\":[{\"@type\":\"SearchAction\",\"target\":{\"@type\":\"EntryPoint\",\"urlTemplate\":\"https:\/\/duhoc3.mauthemewp.com\/?s={search_term_string}\"},\"query-input\":\"required name=search_term_string\"}],\"inLanguage\":\"vi\"},{\"@type\":\"Organization\",\"@id\":\"https:\/\/duhoc3.mauthemewp.com\/#organization\",\"name\":\"duhocdinhcuduc\",\"url\":\"https:\/\/duhoc3.mauthemewp.com\/\",\"logo\":{\"@type\":\"ImageObject\",\"inLanguage\":\"vi\",\"@id\":\"https:\/\/duhoc3.mauthemewp.com\/#\/schema\/logo\/image\/\",\"url\":\"https:\/\/code.webrt.net\/bacaysoigroup\/wp-content\/uploads\/2023\/11\/logo-3caysoi.png\",\"contentUrl\":\"https:\/\/code.webrt.net\/bacaysoigroup\/wp-content\/uploads\/2023\/11\/logo-3caysoi.png\",\"width\":282,\"height\":279,\"caption\":\"duhocdinhcuduc\"},\"image\":{\"@id\":\"https:\/\/duhoc3.mauthemewp.com\/#\/schema\/logo\/image\/\"}}]}<\/script>\n<!-- \/ Yoast SEO plugin. -->","yoast_head_json":{"title":"DANH S\u00c1CH C\u00c1C TR\u01af\u1edcNG DU H\u1eccC NGH\u1ec0 T\u1ea0I \u0110\u1ee8C - duhocdinhcuduc","robots":{"index":"noindex","follow":"follow","max-snippet":"max-snippet:-1","max-image-preview":"max-image-preview:large","max-video-preview":"max-video-preview:-1"},"og_locale":"vi_VN","og_type":"article","og_title":"DANH S\u00c1CH C\u00c1C TR\u01af\u1edcNG DU H\u1eccC NGH\u1ec0 T\u1ea0I \u0110\u1ee8C - duhocdinhcuduc","og_url":"https:\/\/duhoc3.mauthemewp.com\/?page_id=358","og_site_name":"duhocdinhcuduc","article_modified_time":"2024-04-05T04:26:51+00:00","og_image":[{"width":282,"height":279,"url":"https:\/\/duhoc3.mauthemewp.com\/wp-content\/uploads\/2023\/11\/logo-3caysoi.png","type":"image\/png"}],"twitter_card":"summary_large_image","twitter_misc":{"\u01af\u1edbc t\u00ednh th\u1eddi gian \u0111\u1ecdc":"5 ph\u00fat"},"schema":{"@context":"https:\/\/schema.org","@graph":[{"@type":"WebPage","@id":"https:\/\/duhoc3.mauthemewp.com\/?page_id=358","url":"https:\/\/duhoc3.mauthemewp.com\/?page_id=358","name":"DANH S\u00c1CH C\u00c1C TR\u01af\u1edcNG DU H\u1eccC NGH\u1ec0 T\u1ea0I \u0110\u1ee8C - duhocdinhcuduc","isPartOf":{"@id":"https:\/\/duhoc3.mauthemewp.com\/#website"},"datePublished":"2023-11-23T03:34:26+00:00","dateModified":"2024-04-05T04:26:51+00:00","breadcrumb":{"@id":"https:\/\/duhoc3.mauthemewp.com\/?page_id=358#breadcrumb"},"inLanguage":"vi","potentialAction":[{"@type":"ReadAction","target":["https:\/\/duhoc3.mauthemewp.com\/?page_id=358"]}]},{"@type":"BreadcrumbList","@id":"https:\/\/duhoc3.mauthemewp.com\/?page_id=358#breadcrumb","itemListElement":[{"@type":"ListItem","position":1,"name":"Trang ch\u1ee7","item":"https:\/\/duhoc3.mauthemewp.com\/"},{"@type":"ListItem","position":2,"name":"DANH S\u00c1CH C\u00c1C TR\u01af\u1edcNG DU H\u1eccC NGH\u1ec0 T\u1ea0I \u0110\u1ee8C"}]},{"@type":"WebSite","@id":"https:\/\/duhoc3.mauthemewp.com\/#website","url":"https:\/\/duhoc3.mauthemewp.com\/","name":"duhocdinhcuduc","description":"","publisher":{"@id":"https:\/\/duhoc3.mauthemewp.com\/#organization"},"potentialAction":[{"@type":"SearchAction","target":{"@type":"EntryPoint","urlTemplate":"https:\/\/duhoc3.mauthemewp.com\/?s={search_term_string}"},"query-input":"required name=search_term_string"}],"inLanguage":"vi"},{"@type":"Organization","@id":"https:\/\/duhoc3.mauthemewp.com\/#organization","name":"duhocdinhcuduc","url":"https:\/\/duhoc3.mauthemewp.com\/","logo":{"@type":"ImageObject","inLanguage":"vi","@id":"https:\/\/duhoc3.mauthemewp.com\/#\/schema\/logo\/image\/","url":"https:\/\/code.webrt.net\/bacaysoigroup\/wp-content\/uploads\/2023\/11\/logo-3caysoi.png","contentUrl":"https:\/\/code.webrt.net\/bacaysoigroup\/wp-content\/uploads\/2023\/11\/logo-3caysoi.png","width":282,"height":279,"caption":"duhocdinhcuduc"},"image":{"@id":"https:\/\/duhoc3.mauthemewp.com\/#\/schema\/logo\/image\/"}}]}},"_links":{"self":[{"href":"https:\/\/duhoc3.mauthemewp.com\/index.php?rest_route=\/wp\/v2\/pages\/358"}],"collection":[{"href":"https:\/\/duhoc3.mauthemewp.com\/index.php?rest_route=\/wp\/v2\/pages"}],"about":[{"href":"https:\/\/duhoc3.mauthemewp.com\/index.php?rest_route=\/wp\/v2\/types\/page"}],"author":[{"embeddable":true,"href":"https:\/\/duhoc3.mauthemewp.com\/index.php?rest_route=\/wp\/v2\/users\/3"}],"replies":[{"embeddable":true,"href":"https:\/\/duhoc3.mauthemewp.com\/index.php?rest_route=%2Fwp%2Fv2%2Fcomments&post=358"}],"version-history":[{"count":21,"href":"https:\/\/duhoc3.mauthemewp.com\/index.php?rest_route=\/wp\/v2\/pages\/358\/revisions"}],"predecessor-version":[{"id":791,"href":"https:\/\/duhoc3.mauthemewp.com\/index.php?rest_route=\/wp\/v2\/pages\/358\/revisions\/791"}],"wp:attachment":[{"href":"https:\/\/duhoc3.mauthemewp.com\/index.php?rest_route=%2Fwp%2Fv2%2Fmedia&parent=358"}],"curies":[{"name":"wp","href":"https:\/\/api.w.org\/{rel}","templated":true}]}}