{"id":223,"date":"2023-11-22T02:44:45","date_gmt":"2023-11-22T02:44:45","guid":{"rendered":"https:\/\/code.webrt.net\/bacaysoigroup\/?page_id=223"},"modified":"2023-11-23T06:53:19","modified_gmt":"2023-11-23T06:53:19","slug":"doi-tac","status":"publish","type":"page","link":"https:\/\/duhoc3.mauthemewp.com\/?page_id=223","title":{"rendered":"\u0110\u1ed1i t\u00e1c"},"content":{"rendered":"\t<section class=\"section\" id=\"section_1478638723\">\n\t\t<div class=\"bg section-bg fill bg-fill bg-loaded bg-loaded\" >\n\n\t\t\t\n\t\t\t\n\t\t\t\n\n\t\t<\/div>\n\n\t\t\n\n\t\t<div class=\"section-content relative\">\n\t\t\t\n<div class=\"row row-small\"  id=\"row-1404829903\">\n\n\t<div id=\"col-315836583\" class=\"col small-12 large-12\"  >\n\t\t\t\t<div class=\"col-inner\"  >\n\t\t\t\n\t\t\t\n\t<div class=\"ux-menu stack stack-col justify-start list-job\">\n\t\t\n\t<div class=\"ux-menu-link flex menu-item\">\n\t\t<a class=\"ux-menu-link__link flex\" href=\"https:\/\/duhoc3.mauthemewp.com\/?page_id=219\" >\n\t\t\t\t\t\t<span class=\"ux-menu-link__text\">\n\t\t\t\tC\u1ed8NG T\u00c1C VI\u00caN\t\t\t<\/span>\n\t\t<\/a>\n\t<\/div>\n\t\n\t<div class=\"ux-menu-link flex menu-item\">\n\t\t<a class=\"ux-menu-link__link flex\" href=\"https:\/\/duhoc3.mauthemewp.com\/?page_id=221\" >\n\t\t\t\t\t\t<span class=\"ux-menu-link__text\">\n\t\t\t\tKH\u00c1CH H\u00c0NG\t\t\t<\/span>\n\t\t<\/a>\n\t<\/div>\n\t\n\t<div class=\"ux-menu-link flex menu-item\">\n\t\t<a class=\"ux-menu-link__link flex\" href=\"https:\/\/duhoc3.mauthemewp.com\/?page_id=223\" >\n\t\t\t\t\t\t<span class=\"ux-menu-link__text\">\n\t\t\t\t\u0110\u1ed0I T\u00c1C\t\t\t<\/span>\n\t\t<\/a>\n\t<\/div>\n\t\n\t<\/div>\n\t\n\t\t<\/div>\n\t\t\t\t\t<\/div>\n\n\t\n<\/div>\n<div class=\"row row-collapse\"  id=\"row-537844436\">\n\n\t<div id=\"col-810620110\" class=\"col small-12 large-12\"  >\n\t\t\t\t<div class=\"col-inner\"  >\n\t\t\t\n\t\t\t\n\t<div id=\"text-4276266462\" class=\"text title-page\">\n\t\t\n<h1>\u0110\u0102NG K\u00dd \u0110\u1ed0I T\u00c1C<\/h1>\n\t\t\t<\/div>\n\t\n\t\t<\/div>\n\t\t\t\t\t<\/div>\n\n\t\n\n\t<div id=\"col-1958320880\" class=\"col form-register small-12 large-12\"  >\n\t\t\t\t<div class=\"col-inner\"  >\n\t\t\t\n\t<div class=\"is-border\"\n\t\tstyle=\"border-color:rgb(220, 220, 220);border-radius:10px;border-width:1px 1px 1px 1px;\">\n\t<\/div>\n\t\t\t\n\n<div class=\"wpcf7 no-js\" id=\"wpcf7-f242-o1\" lang=\"vi\" dir=\"ltr\">\n<div class=\"screen-reader-response\"><p role=\"status\" aria-live=\"polite\" aria-atomic=\"true\"><\/p> <ul><\/ul><\/div>\n<form action=\"\/index.php?rest_route=%2Fwp%2Fv2%2Fpages%2F223#wpcf7-f242-o1\" method=\"post\" class=\"wpcf7-form init\" aria-label=\"Form li\u00ean h\u1ec7\" enctype=\"multipart\/form-data\" novalidate=\"novalidate\" data-status=\"init\">\n<div style=\"display: none;\">\n<input type=\"hidden\" name=\"_wpcf7\" value=\"242\" \/>\n<input type=\"hidden\" name=\"_wpcf7_version\" value=\"5.8.3\" \/>\n<input type=\"hidden\" name=\"_wpcf7_locale\" value=\"vi\" \/>\n<input type=\"hidden\" name=\"_wpcf7_unit_tag\" value=\"wpcf7-f242-o1\" \/>\n<input type=\"hidden\" name=\"_wpcf7_container_post\" value=\"0\" \/>\n<input type=\"hidden\" name=\"_wpcf7_posted_data_hash\" value=\"\" \/>\n<\/div>\n<div class=\"row row-large\">\n\t<div class=\"col large-6 contact-flexbox\">\n\t\t<p><label>T\u00ean c\u00f4ng ty<span style=\"color:red;\">*<\/span><\/label><br \/>\n<span class=\"wpcf7-form-control-wrap\" data-name=\"your-company\"><input size=\"40\" class=\"wpcf7-form-control wpcf7-text wpcf7-validates-as-required\" aria-required=\"true\" aria-invalid=\"false\" value=\"\" type=\"text\" name=\"your-company\" \/><\/span>\n\t\t<\/p>\n\t<\/div>\n\t<div class=\"col large-6 contact-flexbox\">\n\t\t<p><label>\u0110\u1ea1i di\u1ec7n ph\u00e1p lu\u1eadt<span style=\"color:red;\">*<\/span><\/label><br \/>\n<span class=\"wpcf7-form-control-wrap\" data-name=\"your-law\"><input size=\"40\" class=\"wpcf7-form-control wpcf7-text wpcf7-validates-as-required\" aria-required=\"true\" aria-invalid=\"false\" value=\"\" type=\"text\" name=\"your-law\" \/><\/span>\n\t\t<\/p>\n\t<\/div>\n<\/div>\n<div class=\"row row-large\">\n\t<div class=\"col large-6 contact-flexbox\">\n\t\t<p><label>Ng\u01b0\u1eddi \u0111\u00e0m ph\u00e1n<span style=\"color:red;\">*<\/span><\/label><br \/>\n<span class=\"wpcf7-form-control-wrap\" data-name=\"your-negotiate\"><input size=\"40\" class=\"wpcf7-form-control wpcf7-text wpcf7-validates-as-required\" aria-required=\"true\" aria-invalid=\"false\" value=\"\" type=\"text\" name=\"your-negotiate\" \/><\/span>\n\t\t<\/p>\n\t<\/div>\n\t<div class=\"col large-6 contact-flexbox\">\n\t\t<p><label>Ch\u1ee9c v\u1ee5<span style=\"color:red;\">*<\/span><\/label><br \/>\n<span class=\"wpcf7-form-control-wrap\" data-name=\"your-position\"><input size=\"40\" class=\"wpcf7-form-control wpcf7-text wpcf7-validates-as-required\" aria-required=\"true\" aria-invalid=\"false\" value=\"\" type=\"text\" name=\"your-position\" \/><\/span>\n\t\t<\/p>\n\t<\/div>\n<\/div>\n<div class=\"row row-large\">\n\t<div class=\"col large-6 contact-flexbox\">\n\t\t<p><label>\u0110i\u1ec7n tho\u1ea1i<\/label><br \/>\n<span class=\"wpcf7-form-control-wrap\" data-name=\"your-phone\"><input size=\"40\" class=\"wpcf7-form-control wpcf7-tel wpcf7-text wpcf7-validates-as-tel\" aria-invalid=\"false\" value=\"\" type=\"tel\" name=\"your-phone\" \/><\/span>\n\t\t<\/p>\n\t<\/div>\n\t<div class=\"col large-6 contact-flexbox\">\n\t\t<p><label>\u0110\u1ecba ch\u1ec9<span style=\"color:red;\">*<\/span><\/label><br \/>\n<span class=\"wpcf7-form-control-wrap\" data-name=\"your-address\"><input size=\"40\" class=\"wpcf7-form-control wpcf7-text wpcf7-validates-as-required\" aria-required=\"true\" aria-invalid=\"false\" value=\"\" type=\"text\" name=\"your-address\" \/><\/span>\n\t\t<\/p>\n\t<\/div>\n<\/div>\n<div class=\"row row-large\">\n\t<div class=\"col large-12 contact-noflex\">\n\t\t<p><label>T\u00ecm hi\u1ec3u bacaysoiGroup<span style=\"color:red;\">*<\/span><\/label><br \/>\n<span class=\"wpcf7-form-control-wrap\" data-name=\"your-bacaysoi\"><select class=\"wpcf7-form-control wpcf7-select wpcf7-validates-as-required\" aria-required=\"true\" aria-invalid=\"false\" name=\"your-bacaysoi\"><option value=\"---Ch\u1ecdn---\">---Ch\u1ecdn---<\/option><option value=\"M\u1ea1ng x\u00e3 h\u1ed9i\">M\u1ea1ng x\u00e3 h\u1ed9i<\/option><option value=\"Trang web 3caysoi\">Trang web 3caysoi<\/option><option value=\"Ng\u01b0\u1eddi t\u01b0 v\u1ea5n\">Ng\u01b0\u1eddi t\u01b0 v\u1ea5n<\/option><option value=\"Ng\u01b0\u1eddi quen\">Ng\u01b0\u1eddi quen<\/option><option value=\"K\u00eanh kh\u00e1c\">K\u00eanh kh\u00e1c<\/option><\/select><\/span>\n\t\t<\/p>\n\t<\/div>\n<\/div>\n<div class=\"row row-large\">\n\t<div class=\"col large-12 contact-noflex\">\n\t\t<p><label>N\u1ed9i dung h\u1ee3p t\u00e1c<\/label><br \/>\n<span class=\"wpcf7-form-control-wrap\" data-name=\"your-content\"><textarea cols=\"40\" rows=\"10\" class=\"wpcf7-form-control wpcf7-textarea\" aria-invalid=\"false\" name=\"your-content\"><\/textarea><\/span>\n\t\t<\/p>\n\t<\/div>\n<\/div>\n<div class=\"row row-large\">\n\t<div class=\"col large-12 contact-noflex\">\n\t\t<p><label>T\u00e0i li\u1ec7u gi\u1edbi thi\u1ec7u<span style=\"color:red;\">*<\/span><\/label><br \/>\n<span class=\"wpcf7-form-control-wrap\" data-name=\"your-file\"><input size=\"40\" class=\"wpcf7-form-control wpcf7-file wpcf7-validates-as-required\" accept=\".pdf,.doc,.docx\" aria-required=\"true\" aria-invalid=\"false\" type=\"file\" name=\"your-file\" \/><\/span>\n\t\t<\/p>\n\t<\/div>\n<\/div>\n<div class=\"row\">\n\t<div class=\"col large-12 contact-noflex text-center\">\n\t\t<p><input class=\"wpcf7-form-control wpcf7-submit has-spinner\" type=\"submit\" value=\"\u0110\u0103ng k\u00fd\" \/>\n\t\t<\/p>\n\t<\/div>\n<\/div><div class=\"wpcf7-response-output\" aria-hidden=\"true\"><\/div>\n<\/form>\n<\/div>\n\n\t\t<\/div>\n\t\t\t\t\n<style>\n#col-1958320880 > .col-inner {\n  padding: 20px 20px 20px 20px;\n}\n<\/style>\n\t<\/div>\n\n\t\n<\/div>\n\t\t<\/div>\n\n\t\t\n<style>\n#section_1478638723 {\n  padding-top: 30px;\n  padding-bottom: 30px;\n}\n<\/style>\n\t<\/section>\n\t\n","protected":false},"excerpt":{"rendered":"","protected":false},"author":1,"featured_media":0,"parent":0,"menu_order":0,"comment_status":"closed","ping_status":"closed","template":"page-blank.php","meta":{"footnotes":""},"class_list":["post-223","page","type-page","status-publish","hentry"],"yoast_head":"<!-- This site is optimized with the Yoast SEO plugin v21.5 - https:\/\/yoast.com\/wordpress\/plugins\/seo\/ -->\n<title>\u0110\u1ed1i t\u00e1c - duhocdinhcuduc<\/title>\n<meta name=\"robots\" content=\"noindex, follow, max-snippet:-1, max-image-preview:large, max-video-preview:-1\" \/>\n<meta property=\"og:locale\" content=\"vi_VN\" \/>\n<meta property=\"og:type\" content=\"article\" \/>\n<meta property=\"og:title\" content=\"\u0110\u1ed1i t\u00e1c - duhocdinhcuduc\" \/>\n<meta property=\"og:url\" content=\"https:\/\/duhoc3.mauthemewp.com\/?page_id=223\" \/>\n<meta property=\"og:site_name\" content=\"duhocdinhcuduc\" \/>\n<meta property=\"article:modified_time\" content=\"2023-11-23T06:53:19+00:00\" \/>\n<meta property=\"og:image\" content=\"https:\/\/duhoc3.mauthemewp.com\/wp-content\/uploads\/2023\/11\/logo-3caysoi.png\" \/>\n\t<meta property=\"og:image:width\" content=\"282\" \/>\n\t<meta property=\"og:image:height\" content=\"279\" \/>\n\t<meta property=\"og:image:type\" content=\"image\/png\" \/>\n<meta name=\"twitter:card\" content=\"summary_large_image\" \/>\n<meta name=\"twitter:label1\" content=\"\u01af\u1edbc t\u00ednh th\u1eddi gian \u0111\u1ecdc\" \/>\n\t<meta name=\"twitter:data1\" content=\"1 ph\u00fat\" \/>\n<script type=\"application\/ld+json\" class=\"yoast-schema-graph\">{\"@context\":\"https:\/\/schema.org\",\"@graph\":[{\"@type\":\"WebPage\",\"@id\":\"https:\/\/duhoc3.mauthemewp.com\/?page_id=223\",\"url\":\"https:\/\/duhoc3.mauthemewp.com\/?page_id=223\",\"name\":\"\u0110\u1ed1i t\u00e1c - duhocdinhcuduc\",\"isPartOf\":{\"@id\":\"https:\/\/duhoc3.mauthemewp.com\/#website\"},\"datePublished\":\"2023-11-22T02:44:45+00:00\",\"dateModified\":\"2023-11-23T06:53:19+00:00\",\"breadcrumb\":{\"@id\":\"https:\/\/duhoc3.mauthemewp.com\/?page_id=223#breadcrumb\"},\"inLanguage\":\"vi\",\"potentialAction\":[{\"@type\":\"ReadAction\",\"target\":[\"https:\/\/duhoc3.mauthemewp.com\/?page_id=223\"]}]},{\"@type\":\"BreadcrumbList\",\"@id\":\"https:\/\/duhoc3.mauthemewp.com\/?page_id=223#breadcrumb\",\"itemListElement\":[{\"@type\":\"ListItem\",\"position\":1,\"name\":\"Trang ch\u1ee7\",\"item\":\"https:\/\/duhoc3.mauthemewp.com\/\"},{\"@type\":\"ListItem\",\"position\":2,\"name\":\"\u0110\u1ed1i t\u00e1c\"}]},{\"@type\":\"WebSite\",\"@id\":\"https:\/\/duhoc3.mauthemewp.com\/#website\",\"url\":\"https:\/\/duhoc3.mauthemewp.com\/\",\"name\":\"duhocdinhcuduc\",\"description\":\"\",\"publisher\":{\"@id\":\"https:\/\/duhoc3.mauthemewp.com\/#organization\"},\"potentialAction\":[{\"@type\":\"SearchAction\",\"target\":{\"@type\":\"EntryPoint\",\"urlTemplate\":\"https:\/\/duhoc3.mauthemewp.com\/?s={search_term_string}\"},\"query-input\":\"required name=search_term_string\"}],\"inLanguage\":\"vi\"},{\"@type\":\"Organization\",\"@id\":\"https:\/\/duhoc3.mauthemewp.com\/#organization\",\"name\":\"duhocdinhcuduc\",\"url\":\"https:\/\/duhoc3.mauthemewp.com\/\",\"logo\":{\"@type\":\"ImageObject\",\"inLanguage\":\"vi\",\"@id\":\"https:\/\/duhoc3.mauthemewp.com\/#\/schema\/logo\/image\/\",\"url\":\"https:\/\/code.webrt.net\/bacaysoigroup\/wp-content\/uploads\/2023\/11\/logo-3caysoi.png\",\"contentUrl\":\"https:\/\/code.webrt.net\/bacaysoigroup\/wp-content\/uploads\/2023\/11\/logo-3caysoi.png\",\"width\":282,\"height\":279,\"caption\":\"duhocdinhcuduc\"},\"image\":{\"@id\":\"https:\/\/duhoc3.mauthemewp.com\/#\/schema\/logo\/image\/\"}}]}<\/script>\n<!-- \/ Yoast SEO plugin. -->","yoast_head_json":{"title":"\u0110\u1ed1i t\u00e1c - duhocdinhcuduc","robots":{"index":"noindex","follow":"follow","max-snippet":"max-snippet:-1","max-image-preview":"max-image-preview:large","max-video-preview":"max-video-preview:-1"},"og_locale":"vi_VN","og_type":"article","og_title":"\u0110\u1ed1i t\u00e1c - duhocdinhcuduc","og_url":"https:\/\/duhoc3.mauthemewp.com\/?page_id=223","og_site_name":"duhocdinhcuduc","article_modified_time":"2023-11-23T06:53:19+00:00","og_image":[{"width":282,"height":279,"url":"https:\/\/duhoc3.mauthemewp.com\/wp-content\/uploads\/2023\/11\/logo-3caysoi.png","type":"image\/png"}],"twitter_card":"summary_large_image","twitter_misc":{"\u01af\u1edbc t\u00ednh th\u1eddi gian \u0111\u1ecdc":"1 ph\u00fat"},"schema":{"@context":"https:\/\/schema.org","@graph":[{"@type":"WebPage","@id":"https:\/\/duhoc3.mauthemewp.com\/?page_id=223","url":"https:\/\/duhoc3.mauthemewp.com\/?page_id=223","name":"\u0110\u1ed1i t\u00e1c - duhocdinhcuduc","isPartOf":{"@id":"https:\/\/duhoc3.mauthemewp.com\/#website"},"datePublished":"2023-11-22T02:44:45+00:00","dateModified":"2023-11-23T06:53:19+00:00","breadcrumb":{"@id":"https:\/\/duhoc3.mauthemewp.com\/?page_id=223#breadcrumb"},"inLanguage":"vi","potentialAction":[{"@type":"ReadAction","target":["https:\/\/duhoc3.mauthemewp.com\/?page_id=223"]}]},{"@type":"BreadcrumbList","@id":"https:\/\/duhoc3.mauthemewp.com\/?page_id=223#breadcrumb","itemListElement":[{"@type":"ListItem","position":1,"name":"Trang ch\u1ee7","item":"https:\/\/duhoc3.mauthemewp.com\/"},{"@type":"ListItem","position":2,"name":"\u0110\u1ed1i t\u00e1c"}]},{"@type":"WebSite","@id":"https:\/\/duhoc3.mauthemewp.com\/#website","url":"https:\/\/duhoc3.mauthemewp.com\/","name":"duhocdinhcuduc","description":"","publisher":{"@id":"https:\/\/duhoc3.mauthemewp.com\/#organization"},"potentialAction":[{"@type":"SearchAction","target":{"@type":"EntryPoint","urlTemplate":"https:\/\/duhoc3.mauthemewp.com\/?s={search_term_string}"},"query-input":"required name=search_term_string"}],"inLanguage":"vi"},{"@type":"Organization","@id":"https:\/\/duhoc3.mauthemewp.com\/#organization","name":"duhocdinhcuduc","url":"https:\/\/duhoc3.mauthemewp.com\/","logo":{"@type":"ImageObject","inLanguage":"vi","@id":"https:\/\/duhoc3.mauthemewp.com\/#\/schema\/logo\/image\/","url":"https:\/\/code.webrt.net\/bacaysoigroup\/wp-content\/uploads\/2023\/11\/logo-3caysoi.png","contentUrl":"https:\/\/code.webrt.net\/bacaysoigroup\/wp-content\/uploads\/2023\/11\/logo-3caysoi.png","width":282,"height":279,"caption":"duhocdinhcuduc"},"image":{"@id":"https:\/\/duhoc3.mauthemewp.com\/#\/schema\/logo\/image\/"}}]}},"_links":{"self":[{"href":"https:\/\/duhoc3.mauthemewp.com\/index.php?rest_route=\/wp\/v2\/pages\/223"}],"collection":[{"href":"https:\/\/duhoc3.mauthemewp.com\/index.php?rest_route=\/wp\/v2\/pages"}],"about":[{"href":"https:\/\/duhoc3.mauthemewp.com\/index.php?rest_route=\/wp\/v2\/types\/page"}],"author":[{"embeddable":true,"href":"https:\/\/duhoc3.mauthemewp.com\/index.php?rest_route=\/wp\/v2\/users\/1"}],"replies":[{"embeddable":true,"href":"https:\/\/duhoc3.mauthemewp.com\/index.php?rest_route=%2Fwp%2Fv2%2Fcomments&post=223"}],"version-history":[{"count":5,"href":"https:\/\/duhoc3.mauthemewp.com\/index.php?rest_route=\/wp\/v2\/pages\/223\/revisions"}],"predecessor-version":[{"id":423,"href":"https:\/\/duhoc3.mauthemewp.com\/index.php?rest_route=\/wp\/v2\/pages\/223\/revisions\/423"}],"wp:attachment":[{"href":"https:\/\/duhoc3.mauthemewp.com\/index.php?rest_route=%2Fwp%2Fv2%2Fmedia&parent=223"}],"curies":[{"name":"wp","href":"https:\/\/api.w.org\/{rel}","templated":true}]}}