{"id":219,"date":"2023-11-22T02:43:51","date_gmt":"2023-11-22T02:43:51","guid":{"rendered":"https:\/\/code.webrt.net\/bacaysoigroup\/?page_id=219"},"modified":"2023-11-22T06:40:36","modified_gmt":"2023-11-22T06:40:36","slug":"cong-tac-vien","status":"publish","type":"page","link":"https:\/\/duhoc3.mauthemewp.com\/?page_id=219","title":{"rendered":"C\u1ed9ng t\u00e1c vi\u00ean"},"content":{"rendered":"\t<section class=\"section\" id=\"section_1493871234\">\n\t\t<div class=\"bg section-bg fill bg-fill bg-loaded bg-loaded\" >\n\n\t\t\t\n\t\t\t\n\t\t\t\n\n\t\t<\/div>\n\n\t\t\n\n\t\t<div class=\"section-content relative\">\n\t\t\t\n<div class=\"row row-small\"  id=\"row-831709548\">\n\n\t<div id=\"col-217990277\" class=\"col small-12 large-12\"  >\n\t\t\t\t<div class=\"col-inner\"  >\n\t\t\t\n\t\t\t\n\t<div class=\"ux-menu stack stack-col justify-start list-job\">\n\t\t\n\t<div class=\"ux-menu-link flex menu-item\">\n\t\t<a class=\"ux-menu-link__link flex\" href=\"https:\/\/duhoc3.mauthemewp.com\/?page_id=219\" >\n\t\t\t\t\t\t<span class=\"ux-menu-link__text\">\n\t\t\t\tC\u1ed8NG T\u00c1C VI\u00caN\t\t\t<\/span>\n\t\t<\/a>\n\t<\/div>\n\t\n\t<div class=\"ux-menu-link flex menu-item\">\n\t\t<a class=\"ux-menu-link__link flex\" href=\"https:\/\/duhoc3.mauthemewp.com\/?page_id=221\" >\n\t\t\t\t\t\t<span class=\"ux-menu-link__text\">\n\t\t\t\tKH\u00c1CH H\u00c0NG\t\t\t<\/span>\n\t\t<\/a>\n\t<\/div>\n\t\n\t<div class=\"ux-menu-link flex menu-item\">\n\t\t<a class=\"ux-menu-link__link flex\" href=\"https:\/\/duhoc3.mauthemewp.com\/?page_id=223\" >\n\t\t\t\t\t\t<span class=\"ux-menu-link__text\">\n\t\t\t\t\u0110\u1ed0I T\u00c1C\t\t\t<\/span>\n\t\t<\/a>\n\t<\/div>\n\t\n\t<\/div>\n\t\n\t\t<\/div>\n\t\t\t\t\t<\/div>\n\n\t\n<\/div>\n<div class=\"row row-collapse\"  id=\"row-1938359177\">\n\n\t<div id=\"col-1097222605\" class=\"col small-12 large-12\"  >\n\t\t\t\t<div class=\"col-inner\"  >\n\t\t\t\n\t\t\t\n\t<div id=\"text-4237516639\" class=\"text title-page\">\n\t\t\n<h1>\u0110\u0102NG K\u00dd C\u1ed8NG T\u00c1C VI\u00caN<\/h1>\n\t\t\t<\/div>\n\t\n\t\t<\/div>\n\t\t\t\t\t<\/div>\n\n\t\n\n\t<div id=\"col-1902234302\" class=\"col form-register small-12 large-12\"  >\n\t\t\t\t<div class=\"col-inner\"  >\n\t\t\t\n\t<div class=\"is-border\"\n\t\tstyle=\"border-color:rgb(220, 220, 220);border-radius:10px;border-width:1px 1px 1px 1px;\">\n\t<\/div>\n\t\t\t\n\n<div class=\"wpcf7 no-js\" id=\"wpcf7-f226-o1\" lang=\"vi\" dir=\"ltr\">\n<div class=\"screen-reader-response\"><p role=\"status\" aria-live=\"polite\" aria-atomic=\"true\"><\/p> <ul><\/ul><\/div>\n<form action=\"\/index.php?rest_route=%2Fwp%2Fv2%2Fpages%2F219#wpcf7-f226-o1\" method=\"post\" class=\"wpcf7-form init\" aria-label=\"Form li\u00ean h\u1ec7\" enctype=\"multipart\/form-data\" novalidate=\"novalidate\" data-status=\"init\">\n<div style=\"display: none;\">\n<input type=\"hidden\" name=\"_wpcf7\" value=\"226\" \/>\n<input type=\"hidden\" name=\"_wpcf7_version\" value=\"5.8.3\" \/>\n<input type=\"hidden\" name=\"_wpcf7_locale\" value=\"vi\" \/>\n<input type=\"hidden\" name=\"_wpcf7_unit_tag\" value=\"wpcf7-f226-o1\" \/>\n<input type=\"hidden\" name=\"_wpcf7_container_post\" value=\"0\" \/>\n<input type=\"hidden\" name=\"_wpcf7_posted_data_hash\" value=\"\" \/>\n<\/div>\n<div class=\"row row-large\">\n\t<div class=\"col large-6 contact-flexbox\">\n\t\t<p><label>H\u1ecd t\u00ean<span style=\"color:red;\">*<\/span><\/label><span class=\"wpcf7-form-control-wrap\" data-name=\"your-name\"><input size=\"40\" class=\"wpcf7-form-control wpcf7-text wpcf7-validates-as-required\" autocomplete=\"name\" aria-required=\"true\" aria-invalid=\"false\" value=\"\" type=\"text\" name=\"your-name\" \/><\/span>\n\t\t<\/p>\n\t<\/div>\n\t<div class=\"col large-6 contact-flexbox\">\n\t\t<p><label>S\u1ed1 \u0111i\u1ec7n tho\u1ea1i<span style=\"color:red;\">*<\/span><\/label><span class=\"wpcf7-form-control-wrap\" data-name=\"your-phone\"><input size=\"40\" class=\"wpcf7-form-control wpcf7-tel wpcf7-validates-as-required wpcf7-text wpcf7-validates-as-tel\" aria-required=\"true\" aria-invalid=\"false\" value=\"\" type=\"tel\" name=\"your-phone\" \/><\/span>\n\t\t<\/p>\n\t<\/div>\n<\/div>\n<div class=\"row row-large\">\n\t<div class=\"col large-6 contact-flexbox\">\n\t\t<p><label>Nick Facebook<\/label><span class=\"wpcf7-form-control-wrap\" data-name=\"your-face\"><input size=\"40\" class=\"wpcf7-form-control wpcf7-text\" aria-invalid=\"false\" value=\"\" type=\"text\" name=\"your-face\" \/><\/span>\n\t\t<\/p>\n\t<\/div>\n\t<div class=\"col large-6 contact-flexbox\">\n\t\t<p><label>Nick Zalo<\/label><span class=\"wpcf7-form-control-wrap\" data-name=\"your-zalo\"><input size=\"40\" class=\"wpcf7-form-control wpcf7-text\" aria-invalid=\"false\" value=\"\" type=\"text\" name=\"your-zalo\" \/><\/span>\n\t\t<\/p>\n\t<\/div>\n<\/div>\n<div class=\"row row-large\">\n\t<div class=\"col large-6 contact-flexbox\">\n\t\t<p><label>Nick Instagram<\/label><span class=\"wpcf7-form-control-wrap\" data-name=\"your-intag\"><input size=\"40\" class=\"wpcf7-form-control wpcf7-text\" aria-invalid=\"false\" value=\"\" type=\"text\" name=\"your-intag\" \/><\/span>\n\t\t<\/p>\n\t<\/div>\n\t<div class=\"col large-6 contact-flexbox\">\n\t\t<p><label>\u0110\u1ecba ch\u1ec9<span style=\"color:red;\">*<\/span><\/label><span class=\"wpcf7-form-control-wrap\" data-name=\"your-address\"><input size=\"40\" class=\"wpcf7-form-control wpcf7-text wpcf7-validates-as-required\" aria-required=\"true\" aria-invalid=\"false\" value=\"\" type=\"text\" name=\"your-address\" \/><\/span>\n\t\t<\/p>\n\t<\/div>\n<\/div>\n<div class=\"row row-large\">\n\t<div class=\"col large-6 contact-flexbox\">\n\t\t<p><label>Ng\u00e0y sinh<span style=\"color:red;\">*<\/span><\/label><span class=\"wpcf7-form-control-wrap\" data-name=\"your-date\"><input class=\"wpcf7-form-control wpcf7-date wpcf7-validates-as-required wpcf7-validates-as-date\" aria-required=\"true\" aria-invalid=\"false\" value=\"\" type=\"date\" name=\"your-date\" \/><\/span>\n\t\t<\/p>\n\t<\/div>\n\t<div class=\"col large-6 contact-flexbox\">\n\t\t<p><label>Gi\u1edbi t\u00ednh<span style=\"color:red;\">*<\/span><\/label><span class=\"wpcf7-form-control-wrap\" data-name=\"your-sex\"><select class=\"wpcf7-form-control wpcf7-select wpcf7-validates-as-required\" aria-required=\"true\" aria-invalid=\"false\" name=\"your-sex\"><option value=\"Nam\">Nam<\/option><option value=\"N\u1eef\">N\u1eef<\/option><\/select><\/span>\n\t\t<\/p>\n\t<\/div>\n<\/div>\n<div class=\"row row-large\">\n\t<div class=\"col large-6 contact-noflex\">\n\t\t<p><label>\u1ea2nh CCCD<span style=\"color:red;\">*<\/span>(tr\u01b0\u1edbc)<\/label>\n\t\t<\/p>\n\t\t<div id='cccdtruoc'>\n\t\t<\/div>\n\t\t<p><span class=\"wpcf7-form-control-wrap\" data-name=\"your-img-first\"><input size=\"40\" class=\"wpcf7-form-control wpcf7-file wpcf7-validates-as-required\" accept=\".jpg,.png\" aria-required=\"true\" aria-invalid=\"false\" type=\"file\" name=\"your-img-first\" \/><\/span>\n\t\t<\/p>\n\t<\/div>\n\t<div class=\"col large-6 contact-noflex\">\n\t\t<p><label>\u1ea2nh CCCD<span style=\"color:red;\">*<\/span>(sau)<\/label>\n\t\t<\/p>\n\t\t<div id='cccdsau'>\n\t\t<\/div>\n\t\t<p><span class=\"wpcf7-form-control-wrap\" data-name=\"your-img-last\"><input size=\"40\" class=\"wpcf7-form-control wpcf7-file wpcf7-validates-as-required\" accept=\".jpg,.png\" aria-required=\"true\" aria-invalid=\"false\" type=\"file\" name=\"your-img-last\" \/><\/span>\n\t\t<\/p>\n\t<\/div>\n<\/div>\n<div class=\"row row-large\">\n\t<div class=\"col large-6 contact-flexbox\">\n\t\t<p><label>S\u1ed1 CCCD\/CMT<span style=\"color:red;\">*<\/span><\/label><span class=\"wpcf7-form-control-wrap\" data-name=\"your-CCCD\"><input size=\"40\" class=\"wpcf7-form-control wpcf7-text wpcf7-validates-as-required\" aria-required=\"true\" aria-invalid=\"false\" value=\"\" type=\"text\" name=\"your-CCCD\" \/><\/span>\n\t\t<\/p>\n\t<\/div>\n\t<div class=\"col large-6 contact-flexbox\">\n\t\t<p><label>Email<span style=\"color:red;\">*<\/span><\/label><span class=\"wpcf7-form-control-wrap\" data-name=\"your-email\"><input size=\"40\" class=\"wpcf7-form-control wpcf7-email wpcf7-validates-as-required wpcf7-text wpcf7-validates-as-email\" aria-required=\"true\" aria-invalid=\"false\" value=\"\" type=\"email\" name=\"your-email\" \/><\/span>\n\t\t<\/p>\n\t<\/div>\n<\/div>\n<div class=\"row row-large\">\n\t<div class=\"col large-6 contact-flexbox\">\n\t\t<p><label>Tr\u00ecnh \u0111\u1ed9 h\u1ecdc v\u1ea5n<span style=\"color:red;\">*<\/span><\/label><span class=\"wpcf7-form-control-wrap\" data-name=\"your-education\"><select class=\"wpcf7-form-control wpcf7-select wpcf7-validates-as-required\" aria-required=\"true\" aria-invalid=\"false\" name=\"your-education\"><option value=\"---Ch\u1ecdn---\">---Ch\u1ecdn---<\/option><option value=\"Ti\u1ebfn s\u0129\">Ti\u1ebfn s\u0129<\/option><option value=\"Th\u1ea1c s\u0129\">Th\u1ea1c s\u0129<\/option><option value=\"\u0110\u1ea1i h\u1ecdc\">\u0110\u1ea1i h\u1ecdc<\/option><option value=\"Cao \u0111\u1eb3ng\">Cao \u0111\u1eb3ng<\/option><option value=\"Trung c\u1ea5p\">Trung c\u1ea5p<\/option><\/select><\/span>\n\t\t<\/p>\n\t<\/div>\n\t<div class=\"col large-6 contact-flexbox\">\n\t\t<p><label>Tr\u00ecnh \u0111\u1ed9 chuy\u00ean m\u00f4n<span style=\"color:red;\">*<\/span><\/label><span class=\"wpcf7-form-control-wrap\" data-name=\"your-specialize\"><input size=\"40\" class=\"wpcf7-form-control wpcf7-text wpcf7-validates-as-required\" aria-required=\"true\" aria-invalid=\"false\" value=\"\" type=\"text\" name=\"your-specialize\" \/><\/span>\n\t\t<\/p>\n\t<\/div>\n<\/div>\n<div class=\"row row-large\">\n\t<div class=\"col large-6 contact-flexbox\">\n\t\t<p><label>C\u00f4ng vi\u1ec7c hi\u1ec7n t\u1ea1i<span style=\"color:red;\">*<\/span><\/label><span class=\"wpcf7-form-control-wrap\" data-name=\"your-job\"><select class=\"wpcf7-form-control wpcf7-select wpcf7-validates-as-required\" aria-required=\"true\" aria-invalid=\"false\" name=\"your-job\"><option value=\"---Ch\u1ecdn---\">---Ch\u1ecdn---<\/option><option value=\"\u0110i h\u1ecdc\">\u0110i h\u1ecdc<\/option><option value=\"\u0110i l\u00e0m\">\u0110i l\u00e0m<\/option><option value=\"Th\u1ea5t nghi\u1ec7p\">Th\u1ea5t nghi\u1ec7p<\/option><\/select><\/span>\n\t\t<\/p>\n\t<\/div>\n\t<div class=\"col large-6 contact-flexbox\">\n\t\t<p><label>Tim hi\u1ec3u 3CaySoiGroup<span style=\"color:red;\">*<\/span><\/label><span class=\"wpcf7-form-control-wrap\" data-name=\"your-3caysoi\"><select class=\"wpcf7-form-control wpcf7-select wpcf7-validates-as-required\" aria-required=\"true\" aria-invalid=\"false\" name=\"your-3caysoi\"><option value=\"---Ch\u1ecdn---\">---Ch\u1ecdn---<\/option><option value=\"M\u1ea1ng x\u00e3 h\u1ed9i\">M\u1ea1ng x\u00e3 h\u1ed9i<\/option><option value=\"Trang web 3caysoiGroup\">Trang web 3caysoiGroup<\/option><option value=\"Ng\u01b0\u1eddi t\u01b0 v\u1ea5n\">Ng\u01b0\u1eddi t\u01b0 v\u1ea5n<\/option><option value=\"Ng\u01b0\u1eddi quen\">Ng\u01b0\u1eddi quen<\/option><option value=\"K\u00eanh kh\u00e1c\">K\u00eanh kh\u00e1c<\/option><\/select><\/span>\n\t\t<\/p>\n\t<\/div>\n<\/div>\n<div class=\"row row-large\">\n\t<div class=\"col large-12 contact-noflex\">\n\t\t<p><label>Gi\u1edbi thi\u1ec7u b\u1ea3n th\u00e2n<\/label><span class=\"wpcf7-form-control-wrap\" data-name=\"your-intro\"><textarea cols=\"40\" rows=\"10\" class=\"wpcf7-form-control wpcf7-textarea\" aria-invalid=\"false\" name=\"your-intro\"><\/textarea><\/span>\n\t\t<\/p>\n\t<\/div>\n<\/div>\n<div class=\"row row-large\">\n\t<div class=\"col large-6 contact-flexbox\">\n\t\t<p><label>H\u1ecd t\u00ean B\u1ed1<\/label><span class=\"wpcf7-form-control-wrap\" data-name=\"your-dad\"><input size=\"40\" class=\"wpcf7-form-control wpcf7-text\" aria-invalid=\"false\" value=\"\" type=\"text\" name=\"your-dad\" \/><\/span>\n\t\t<\/p>\n\t<\/div>\n\t<div class=\"col large-6 contact-flexbox\">\n\t\t<p><label>H\u1ecd t\u00ean M\u1eb9<\/label><span class=\"wpcf7-form-control-wrap\" data-name=\"your-mom\"><input size=\"40\" class=\"wpcf7-form-control wpcf7-text\" aria-invalid=\"false\" value=\"\" type=\"text\" name=\"your-mom\" \/><\/span>\n\t\t<\/p>\n\t<\/div>\n<\/div>\n<div class=\"row row-large\">\n\t<div class=\"col large-6 contact-flexbox\">\n\t\t<p><label>H\u1ecd t\u00ean V\u1ee3<\/label><span class=\"wpcf7-form-control-wrap\" data-name=\"your-wife\"><input size=\"40\" class=\"wpcf7-form-control wpcf7-text\" aria-invalid=\"false\" value=\"\" type=\"text\" name=\"your-wife\" \/><\/span>\n\t\t<\/p>\n\t<\/div>\n\t<div class=\"col large-6 contact-flexbox\">\n\t\t<p><label>H\u1ecd t\u00ean Ch\u1ed3ng<\/label><span class=\"wpcf7-form-control-wrap\" data-name=\"your-husband\"><input size=\"40\" class=\"wpcf7-form-control wpcf7-text\" aria-invalid=\"false\" value=\"\" type=\"text\" name=\"your-husband\" \/><\/span>\n\t\t<\/p>\n\t<\/div>\n<\/div>\n<div class=\"row row-large\">\n\t<div class=\"col large-6 contact-flexbox\">\n\t\t<p><label>Ng\u01b0\u1eddi t\u01b0 v\u1ea5n<\/label><span class=\"wpcf7-form-control-wrap\" data-name=\"your-advise\"><input size=\"40\" class=\"wpcf7-form-control wpcf7-text\" aria-invalid=\"false\" placeholder=\"M\u00e3 ng\u01b0\u1eddi t\u01b0 v\u1ea5n\" value=\"\" type=\"text\" name=\"your-advise\" \/><\/span>\n\t\t<\/p>\n\t<\/div>\n\t<div class=\"col large-6 contact-flexbox\">\n\t\t<p><label>V\u1ecb tr\u00ed<\/label><span class=\"wpcf7-form-control-wrap\" data-name=\"your-location\"><input size=\"40\" class=\"wpcf7-form-control wpcf7-text\" aria-invalid=\"false\" placeholder=\"C\u1ed9ng t\u00e1c vi\u00ean\" value=\"\" type=\"text\" name=\"your-location\" \/><\/span>\n\t\t<\/p>\n\t<\/div>\n<\/div>\n<div class=\"row\">\n\t<div class=\"col large-12 contact-noflex text-center\">\n\t\t<p><input class=\"wpcf7-form-control wpcf7-submit has-spinner\" type=\"submit\" value=\"\u0110\u0103ng k\u00fd\" \/>\n\t\t<\/p>\n\t<\/div>\n<\/div><div class=\"wpcf7-response-output\" aria-hidden=\"true\"><\/div>\n<\/form>\n<\/div>\n\n\t\t<\/div>\n\t\t\t\t\n<style>\n#col-1902234302 > .col-inner {\n  padding: 20px 20px 20px 20px;\n}\n<\/style>\n\t<\/div>\n\n\t\n<\/div>\n\t\t<\/div>\n\n\t\t\n<style>\n#section_1493871234 {\n  padding-top: 30px;\n  padding-bottom: 30px;\n}\n<\/style>\n\t<\/section>\n\t\n","protected":false},"excerpt":{"rendered":"","protected":false},"author":1,"featured_media":0,"parent":0,"menu_order":0,"comment_status":"closed","ping_status":"closed","template":"page-blank.php","meta":{"footnotes":""},"class_list":["post-219","page","type-page","status-publish","hentry"],"yoast_head":"<!-- This site is optimized with the Yoast SEO plugin v21.5 - https:\/\/yoast.com\/wordpress\/plugins\/seo\/ -->\n<title>C\u1ed9ng t\u00e1c vi\u00ean - duhocdinhcuduc<\/title>\n<meta name=\"robots\" content=\"noindex, follow, max-snippet:-1, max-image-preview:large, max-video-preview:-1\" \/>\n<meta property=\"og:locale\" content=\"vi_VN\" \/>\n<meta property=\"og:type\" content=\"article\" \/>\n<meta property=\"og:title\" content=\"C\u1ed9ng t\u00e1c vi\u00ean - duhocdinhcuduc\" \/>\n<meta property=\"og:url\" content=\"https:\/\/duhoc3.mauthemewp.com\/?page_id=219\" \/>\n<meta property=\"og:site_name\" content=\"duhocdinhcuduc\" \/>\n<meta property=\"article:modified_time\" content=\"2023-11-22T06:40:36+00:00\" \/>\n<meta property=\"og:image\" content=\"https:\/\/duhoc3.mauthemewp.com\/wp-content\/uploads\/2023\/11\/logo-3caysoi.png\" \/>\n\t<meta property=\"og:image:width\" content=\"282\" \/>\n\t<meta property=\"og:image:height\" content=\"279\" \/>\n\t<meta property=\"og:image:type\" content=\"image\/png\" \/>\n<meta name=\"twitter:card\" content=\"summary_large_image\" \/>\n<script type=\"application\/ld+json\" class=\"yoast-schema-graph\">{\"@context\":\"https:\/\/schema.org\",\"@graph\":[{\"@type\":\"WebPage\",\"@id\":\"https:\/\/duhoc3.mauthemewp.com\/?page_id=219\",\"url\":\"https:\/\/duhoc3.mauthemewp.com\/?page_id=219\",\"name\":\"C\u1ed9ng t\u00e1c vi\u00ean - duhocdinhcuduc\",\"isPartOf\":{\"@id\":\"https:\/\/duhoc3.mauthemewp.com\/#website\"},\"datePublished\":\"2023-11-22T02:43:51+00:00\",\"dateModified\":\"2023-11-22T06:40:36+00:00\",\"breadcrumb\":{\"@id\":\"https:\/\/duhoc3.mauthemewp.com\/?page_id=219#breadcrumb\"},\"inLanguage\":\"vi\",\"potentialAction\":[{\"@type\":\"ReadAction\",\"target\":[\"https:\/\/duhoc3.mauthemewp.com\/?page_id=219\"]}]},{\"@type\":\"BreadcrumbList\",\"@id\":\"https:\/\/duhoc3.mauthemewp.com\/?page_id=219#breadcrumb\",\"itemListElement\":[{\"@type\":\"ListItem\",\"position\":1,\"name\":\"Trang ch\u1ee7\",\"item\":\"https:\/\/duhoc3.mauthemewp.com\/\"},{\"@type\":\"ListItem\",\"position\":2,\"name\":\"C\u1ed9ng t\u00e1c vi\u00ean\"}]},{\"@type\":\"WebSite\",\"@id\":\"https:\/\/duhoc3.mauthemewp.com\/#website\",\"url\":\"https:\/\/duhoc3.mauthemewp.com\/\",\"name\":\"duhocdinhcuduc\",\"description\":\"\",\"publisher\":{\"@id\":\"https:\/\/duhoc3.mauthemewp.com\/#organization\"},\"potentialAction\":[{\"@type\":\"SearchAction\",\"target\":{\"@type\":\"EntryPoint\",\"urlTemplate\":\"https:\/\/duhoc3.mauthemewp.com\/?s={search_term_string}\"},\"query-input\":\"required name=search_term_string\"}],\"inLanguage\":\"vi\"},{\"@type\":\"Organization\",\"@id\":\"https:\/\/duhoc3.mauthemewp.com\/#organization\",\"name\":\"duhocdinhcuduc\",\"url\":\"https:\/\/duhoc3.mauthemewp.com\/\",\"logo\":{\"@type\":\"ImageObject\",\"inLanguage\":\"vi\",\"@id\":\"https:\/\/duhoc3.mauthemewp.com\/#\/schema\/logo\/image\/\",\"url\":\"https:\/\/code.webrt.net\/bacaysoigroup\/wp-content\/uploads\/2023\/11\/logo-3caysoi.png\",\"contentUrl\":\"https:\/\/code.webrt.net\/bacaysoigroup\/wp-content\/uploads\/2023\/11\/logo-3caysoi.png\",\"width\":282,\"height\":279,\"caption\":\"duhocdinhcuduc\"},\"image\":{\"@id\":\"https:\/\/duhoc3.mauthemewp.com\/#\/schema\/logo\/image\/\"}}]}<\/script>\n<!-- \/ Yoast SEO plugin. -->","yoast_head_json":{"title":"C\u1ed9ng t\u00e1c vi\u00ean - duhocdinhcuduc","robots":{"index":"noindex","follow":"follow","max-snippet":"max-snippet:-1","max-image-preview":"max-image-preview:large","max-video-preview":"max-video-preview:-1"},"og_locale":"vi_VN","og_type":"article","og_title":"C\u1ed9ng t\u00e1c vi\u00ean - duhocdinhcuduc","og_url":"https:\/\/duhoc3.mauthemewp.com\/?page_id=219","og_site_name":"duhocdinhcuduc","article_modified_time":"2023-11-22T06:40:36+00:00","og_image":[{"width":282,"height":279,"url":"https:\/\/duhoc3.mauthemewp.com\/wp-content\/uploads\/2023\/11\/logo-3caysoi.png","type":"image\/png"}],"twitter_card":"summary_large_image","schema":{"@context":"https:\/\/schema.org","@graph":[{"@type":"WebPage","@id":"https:\/\/duhoc3.mauthemewp.com\/?page_id=219","url":"https:\/\/duhoc3.mauthemewp.com\/?page_id=219","name":"C\u1ed9ng t\u00e1c vi\u00ean - duhocdinhcuduc","isPartOf":{"@id":"https:\/\/duhoc3.mauthemewp.com\/#website"},"datePublished":"2023-11-22T02:43:51+00:00","dateModified":"2023-11-22T06:40:36+00:00","breadcrumb":{"@id":"https:\/\/duhoc3.mauthemewp.com\/?page_id=219#breadcrumb"},"inLanguage":"vi","potentialAction":[{"@type":"ReadAction","target":["https:\/\/duhoc3.mauthemewp.com\/?page_id=219"]}]},{"@type":"BreadcrumbList","@id":"https:\/\/duhoc3.mauthemewp.com\/?page_id=219#breadcrumb","itemListElement":[{"@type":"ListItem","position":1,"name":"Trang ch\u1ee7","item":"https:\/\/duhoc3.mauthemewp.com\/"},{"@type":"ListItem","position":2,"name":"C\u1ed9ng t\u00e1c vi\u00ean"}]},{"@type":"WebSite","@id":"https:\/\/duhoc3.mauthemewp.com\/#website","url":"https:\/\/duhoc3.mauthemewp.com\/","name":"duhocdinhcuduc","description":"","publisher":{"@id":"https:\/\/duhoc3.mauthemewp.com\/#organization"},"potentialAction":[{"@type":"SearchAction","target":{"@type":"EntryPoint","urlTemplate":"https:\/\/duhoc3.mauthemewp.com\/?s={search_term_string}"},"query-input":"required name=search_term_string"}],"inLanguage":"vi"},{"@type":"Organization","@id":"https:\/\/duhoc3.mauthemewp.com\/#organization","name":"duhocdinhcuduc","url":"https:\/\/duhoc3.mauthemewp.com\/","logo":{"@type":"ImageObject","inLanguage":"vi","@id":"https:\/\/duhoc3.mauthemewp.com\/#\/schema\/logo\/image\/","url":"https:\/\/code.webrt.net\/bacaysoigroup\/wp-content\/uploads\/2023\/11\/logo-3caysoi.png","contentUrl":"https:\/\/code.webrt.net\/bacaysoigroup\/wp-content\/uploads\/2023\/11\/logo-3caysoi.png","width":282,"height":279,"caption":"duhocdinhcuduc"},"image":{"@id":"https:\/\/duhoc3.mauthemewp.com\/#\/schema\/logo\/image\/"}}]}},"_links":{"self":[{"href":"https:\/\/duhoc3.mauthemewp.com\/index.php?rest_route=\/wp\/v2\/pages\/219"}],"collection":[{"href":"https:\/\/duhoc3.mauthemewp.com\/index.php?rest_route=\/wp\/v2\/pages"}],"about":[{"href":"https:\/\/duhoc3.mauthemewp.com\/index.php?rest_route=\/wp\/v2\/types\/page"}],"author":[{"embeddable":true,"href":"https:\/\/duhoc3.mauthemewp.com\/index.php?rest_route=\/wp\/v2\/users\/1"}],"replies":[{"embeddable":true,"href":"https:\/\/duhoc3.mauthemewp.com\/index.php?rest_route=%2Fwp%2Fv2%2Fcomments&post=219"}],"version-history":[{"count":11,"href":"https:\/\/duhoc3.mauthemewp.com\/index.php?rest_route=\/wp\/v2\/pages\/219\/revisions"}],"predecessor-version":[{"id":247,"href":"https:\/\/duhoc3.mauthemewp.com\/index.php?rest_route=\/wp\/v2\/pages\/219\/revisions\/247"}],"wp:attachment":[{"href":"https:\/\/duhoc3.mauthemewp.com\/index.php?rest_route=%2Fwp%2Fv2%2Fmedia&parent=219"}],"curies":[{"name":"wp","href":"https:\/\/api.w.org\/{rel}","templated":true}]}}