{"id":124,"date":"2023-11-21T06:46:40","date_gmt":"2023-11-21T06:46:40","guid":{"rendered":"https:\/\/code.webrt.net\/bacaysoigroup\/?page_id=124"},"modified":"2024-03-26T08:57:18","modified_gmt":"2024-03-26T08:57:18","slug":"lien-he","status":"publish","type":"page","link":"https:\/\/duhoc3.mauthemewp.com\/?page_id=124","title":{"rendered":"Li\u00ean h\u1ec7"},"content":{"rendered":"\t<section class=\"section\" id=\"section_1183215254\">\n\t\t<div class=\"bg section-bg fill bg-fill bg-loaded bg-loaded\" >\n\n\t\t\t\n\t\t\t\n\t\t\t\n\n\t\t<\/div>\n\n\t\t\n\n\t\t<div class=\"section-content relative\">\n\t\t\t\n<div class=\"row row-collapse\"  id=\"row-1828880881\">\n\n\t<div id=\"col-1068758738\" class=\"col small-12 large-12\"  >\n\t\t\t\t<div class=\"col-inner\"  >\n\t\t\t\n\t\t\t\n\t<div id=\"text-3239018898\" class=\"text page-title\">\n\t\t\n<h1 class=\"mb-0\">Li\u00ean h\u1ec7<\/h1>\n\t\t\t<\/div>\n\t\n\t\t<\/div>\n\t\t\t\t\t<\/div>\n\n\t\n<\/div>\n\t\t<\/div>\n\n\t\t\n<style>\n#section_1183215254 {\n  padding-top: 30px;\n  padding-bottom: 30px;\n}\n<\/style>\n\t<\/section>\n\t\n\t<section class=\"section\" id=\"section_2131388856\">\n\t\t<div class=\"bg section-bg fill bg-fill bg-loaded bg-loaded\" >\n\n\t\t\t\n\t\t\t\n\t\t\t\n\n\t\t<\/div>\n\n\t\t\n\n\t\t<div class=\"section-content relative\">\n\t\t\t\n<div class=\"row row-small\"  id=\"row-737796140\">\n\n\t<div id=\"col-884047877\" class=\"col contact_form medium-6 small-12 large-6\"  >\n\t\t\t\t<div class=\"col-inner\"  >\n\t\t\t\n\t\t\t\n\n<div class=\"wpcf7 no-js\" id=\"wpcf7-f123-o1\" lang=\"vi\" dir=\"ltr\">\n<div class=\"screen-reader-response\"><p role=\"status\" aria-live=\"polite\" aria-atomic=\"true\"><\/p> <ul><\/ul><\/div>\n<form action=\"\/index.php?rest_route=%2Fwp%2Fv2%2Fpages%2F124#wpcf7-f123-o1\" method=\"post\" class=\"wpcf7-form init\" aria-label=\"Form li\u00ean h\u1ec7\" novalidate=\"novalidate\" data-status=\"init\">\n<div style=\"display: none;\">\n<input type=\"hidden\" name=\"_wpcf7\" value=\"123\" \/>\n<input type=\"hidden\" name=\"_wpcf7_version\" value=\"5.8.3\" \/>\n<input type=\"hidden\" name=\"_wpcf7_locale\" value=\"vi\" \/>\n<input type=\"hidden\" name=\"_wpcf7_unit_tag\" value=\"wpcf7-f123-o1\" \/>\n<input type=\"hidden\" name=\"_wpcf7_container_post\" value=\"0\" \/>\n<input type=\"hidden\" name=\"_wpcf7_posted_data_hash\" value=\"\" \/>\n<\/div>\n<p><span class=\"wpcf7-form-control-wrap\" data-name=\"your-name\"><input size=\"40\" class=\"wpcf7-form-control wpcf7-text wpcf7-validates-as-required\" autocomplete=\"name\" aria-required=\"true\" aria-invalid=\"false\" placeholder=\"H\u1ecd t\u00ean *\" value=\"\" type=\"text\" name=\"your-name\" \/><\/span>\n<\/p>\n<p><span class=\"wpcf7-form-control-wrap\" data-name=\"your-address\"><input size=\"40\" class=\"wpcf7-form-control wpcf7-text wpcf7-validates-as-required\" aria-required=\"true\" aria-invalid=\"false\" placeholder=\"\u0110\u1ecba ch\u1ec9\" value=\"\" type=\"text\" name=\"your-address\" \/><\/span>\n<\/p>\n<p><span class=\"wpcf7-form-control-wrap\" data-name=\"your-phone\"><input size=\"40\" class=\"wpcf7-form-control wpcf7-tel wpcf7-validates-as-required wpcf7-text wpcf7-validates-as-tel\" aria-required=\"true\" aria-invalid=\"false\" placeholder=\"S\u1ed1 \u0111i\u1ec7n tho\u1ea1i\" value=\"\" type=\"tel\" name=\"your-phone\" \/><\/span>\n<\/p>\n<p><span class=\"wpcf7-form-control-wrap\" data-name=\"your-email\"><input size=\"40\" class=\"wpcf7-form-control wpcf7-email wpcf7-validates-as-required wpcf7-text wpcf7-validates-as-email\" autocomplete=\"email\" aria-required=\"true\" aria-invalid=\"false\" placeholder=\"Email *\" value=\"\" type=\"email\" name=\"your-email\" \/><\/span>\n<\/p>\n<p><span class=\"wpcf7-form-control-wrap\" data-name=\"your-subject\"><input size=\"40\" class=\"wpcf7-form-control wpcf7-text wpcf7-validates-as-required\" aria-required=\"true\" aria-invalid=\"false\" placeholder=\"Ti\u00eau \u0111\u1ec1 *\" value=\"\" type=\"text\" name=\"your-subject\" \/><\/span>\n<\/p>\n<p><span class=\"wpcf7-form-control-wrap\" data-name=\"your-message\"><textarea cols=\"40\" rows=\"10\" class=\"wpcf7-form-control wpcf7-textarea\" aria-invalid=\"false\" placeholder=\"N\u1ed9i dung *\" name=\"your-message\"><\/textarea><\/span>\n<\/p>\n<p><label>Nh\u1eefng tr\u01b0\u1eddng c\u00f3 d\u1ea5u * l\u00e0 tr\u01b0\u1eddng b\u1eaft bu\u1ed9c ph\u1ea3i nh\u1eadp th\u00f4ng tin<\/label>\n<\/p>\n<p><input class=\"wpcf7-form-control wpcf7-submit has-spinner\" type=\"submit\" value=\"G\u1eedi\" \/>\n<\/p><div class=\"wpcf7-response-output\" aria-hidden=\"true\"><\/div>\n<\/form>\n<\/div>\n\n\t\t<\/div>\n\t\t\t\t\t<\/div>\n\n\t\n\n\t<div id=\"col-559289018\" class=\"col medium-6 small-12 large-6\"  >\n\t\t\t\t<div class=\"col-inner text-center\" style=\"background-color:rgb(246, 246, 246);\" >\n\t\t\t\n\t\t\t\n\t<div class=\"img has-hover x md-x lg-x y md-y lg-y\" id=\"image_1836323736\">\n\t\t\t\t\t\t\t\t<div class=\"img-inner dark\" >\n\t\t\t<img loading=\"lazy\" decoding=\"async\" width=\"673\" height=\"451\" src=\"https:\/\/duhoc3.mauthemewp.com\/wp-content\/uploads\/2024\/03\/logo-du-hoc.jpg\" class=\"attachment-original size-original\" alt=\"\" srcset=\"https:\/\/duhoc3.mauthemewp.com\/wp-content\/uploads\/2024\/03\/logo-du-hoc.jpg 673w, https:\/\/duhoc3.mauthemewp.com\/wp-content\/uploads\/2024\/03\/logo-du-hoc-300x201.jpg 300w\" sizes=\"(max-width: 673px) 100vw, 673px\" \/>\t\t\t\t\t\t\n\t\t\t\t\t<\/div>\n\t\t\t\t\t\t\t\t\n<style>\n#image_1836323736 {\n  width: 33%;\n}\n<\/style>\n\t<\/div>\n\t\n\t<div id=\"text-810640537\" class=\"text text-contact\">\n\t\t\n<p><strong>\u0110\u1ecba ch\u1ec9:<\/strong> VP 01-5F, T\u00f2a N01-T2, Ngo\u1ea1i giao \u0111o\u00e0n, Ho\u00e0ng Minh Th\u1ea3o, Xu\u00e2n T\u1ea3o, B\u1eafc T\u1eeb Li\u00eam, H\u00e0 N\u1ed9i.<\/p>\n<ul>\n<li><strong>Hotline:<\/strong> 0338.037.222<\/li>\n<li><strong>Zalo:<\/strong> 0338.037.222<\/li>\n<li><strong>Email:<\/strong> duhocdinhcuduc19@gmail.com<\/li>\n<li><strong>Website:<\/strong> duhocdinhcuduc.vn<\/li>\n<\/ul>\n\t\t\t<\/div>\n\t\n\t\t<div class=\"gg-map\">\n\t\t\t\t\n<p><iframe src=\"https:\/\/www.google.com\/maps\/embed?pb=!1m18!1m12!1m3!1d3723.2436501338257!2d105.7915108750324!3d21.062928680594997!2m3!1f0!2f0!3f0!3m2!1i1024!2i768!4f13.1!3m3!1m2!1s0x3135aad9d9f47c1f%3A0xc063cb8eb286a49b!2zVMOyYSBOaMOgIE4wMVQyIE5nb-G6oWkgR2lhbyDEkG_DoG4!5e0!3m2!1svi!2s!4v1711443409256!5m2!1svi!2s\" width=\"600\" height=\"250\" style=\"border:0;\" allowfullscreen=\"\" loading=\"lazy\" referrerpolicy=\"no-referrer-when-downgrade\"><\/iframe><br \/>\n\t\t<\/div>\n\t\n\t\t<\/div>\n\t\t\t\t\n<style>\n#col-559289018 > .col-inner {\n  padding: 20px 15px 20px 15px;\n  border-radius: 10px;\n}\n<\/style>\n\t<\/div>\n\n\t\n<\/div>\n\t\t<\/div>\n\n\t\t\n<style>\n#section_2131388856 {\n  padding-top: 30px;\n  padding-bottom: 30px;\n}\n<\/style>\n\t<\/section>\n\t\n","protected":false},"excerpt":{"rendered":"","protected":false},"author":1,"featured_media":0,"parent":0,"menu_order":0,"comment_status":"closed","ping_status":"closed","template":"page-blank.php","meta":{"footnotes":""},"class_list":["post-124","page","type-page","status-publish","hentry"],"yoast_head":"<!-- This site is optimized with the Yoast SEO plugin v21.5 - https:\/\/yoast.com\/wordpress\/plugins\/seo\/ -->\n<title>Li\u00ean h\u1ec7 - duhocdinhcuduc<\/title>\n<meta name=\"robots\" content=\"noindex, follow, max-snippet:-1, max-image-preview:large, max-video-preview:-1\" \/>\n<meta property=\"og:locale\" content=\"vi_VN\" \/>\n<meta property=\"og:type\" content=\"article\" \/>\n<meta property=\"og:title\" content=\"Li\u00ean h\u1ec7 - duhocdinhcuduc\" \/>\n<meta property=\"og:url\" content=\"https:\/\/duhoc3.mauthemewp.com\/?page_id=124\" \/>\n<meta property=\"og:site_name\" content=\"duhocdinhcuduc\" \/>\n<meta property=\"article:modified_time\" content=\"2024-03-26T08:57:18+00:00\" \/>\n<meta property=\"og:image\" content=\"https:\/\/duhoc3.mauthemewp.com\/wp-content\/uploads\/2023\/11\/logo-3caysoi.png\" \/>\n\t<meta property=\"og:image:width\" content=\"282\" \/>\n\t<meta property=\"og:image:height\" content=\"279\" \/>\n\t<meta property=\"og:image:type\" content=\"image\/png\" \/>\n<meta name=\"twitter:card\" content=\"summary_large_image\" \/>\n<meta name=\"twitter:label1\" content=\"\u01af\u1edbc t\u00ednh th\u1eddi gian \u0111\u1ecdc\" \/>\n\t<meta name=\"twitter:data1\" content=\"1 ph\u00fat\" \/>\n<script type=\"application\/ld+json\" class=\"yoast-schema-graph\">{\"@context\":\"https:\/\/schema.org\",\"@graph\":[{\"@type\":\"WebPage\",\"@id\":\"https:\/\/duhoc3.mauthemewp.com\/?page_id=124\",\"url\":\"https:\/\/duhoc3.mauthemewp.com\/?page_id=124\",\"name\":\"Li\u00ean h\u1ec7 - duhocdinhcuduc\",\"isPartOf\":{\"@id\":\"https:\/\/duhoc3.mauthemewp.com\/#website\"},\"datePublished\":\"2023-11-21T06:46:40+00:00\",\"dateModified\":\"2024-03-26T08:57:18+00:00\",\"breadcrumb\":{\"@id\":\"https:\/\/duhoc3.mauthemewp.com\/?page_id=124#breadcrumb\"},\"inLanguage\":\"vi\",\"potentialAction\":[{\"@type\":\"ReadAction\",\"target\":[\"https:\/\/duhoc3.mauthemewp.com\/?page_id=124\"]}]},{\"@type\":\"BreadcrumbList\",\"@id\":\"https:\/\/duhoc3.mauthemewp.com\/?page_id=124#breadcrumb\",\"itemListElement\":[{\"@type\":\"ListItem\",\"position\":1,\"name\":\"Trang ch\u1ee7\",\"item\":\"https:\/\/duhoc3.mauthemewp.com\/\"},{\"@type\":\"ListItem\",\"position\":2,\"name\":\"Li\u00ean h\u1ec7\"}]},{\"@type\":\"WebSite\",\"@id\":\"https:\/\/duhoc3.mauthemewp.com\/#website\",\"url\":\"https:\/\/duhoc3.mauthemewp.com\/\",\"name\":\"duhocdinhcuduc\",\"description\":\"\",\"publisher\":{\"@id\":\"https:\/\/duhoc3.mauthemewp.com\/#organization\"},\"potentialAction\":[{\"@type\":\"SearchAction\",\"target\":{\"@type\":\"EntryPoint\",\"urlTemplate\":\"https:\/\/duhoc3.mauthemewp.com\/?s={search_term_string}\"},\"query-input\":\"required name=search_term_string\"}],\"inLanguage\":\"vi\"},{\"@type\":\"Organization\",\"@id\":\"https:\/\/duhoc3.mauthemewp.com\/#organization\",\"name\":\"duhocdinhcuduc\",\"url\":\"https:\/\/duhoc3.mauthemewp.com\/\",\"logo\":{\"@type\":\"ImageObject\",\"inLanguage\":\"vi\",\"@id\":\"https:\/\/duhoc3.mauthemewp.com\/#\/schema\/logo\/image\/\",\"url\":\"https:\/\/code.webrt.net\/bacaysoigroup\/wp-content\/uploads\/2023\/11\/logo-3caysoi.png\",\"contentUrl\":\"https:\/\/code.webrt.net\/bacaysoigroup\/wp-content\/uploads\/2023\/11\/logo-3caysoi.png\",\"width\":282,\"height\":279,\"caption\":\"duhocdinhcuduc\"},\"image\":{\"@id\":\"https:\/\/duhoc3.mauthemewp.com\/#\/schema\/logo\/image\/\"}}]}<\/script>\n<!-- \/ Yoast SEO plugin. -->","yoast_head_json":{"title":"Li\u00ean h\u1ec7 - duhocdinhcuduc","robots":{"index":"noindex","follow":"follow","max-snippet":"max-snippet:-1","max-image-preview":"max-image-preview:large","max-video-preview":"max-video-preview:-1"},"og_locale":"vi_VN","og_type":"article","og_title":"Li\u00ean h\u1ec7 - duhocdinhcuduc","og_url":"https:\/\/duhoc3.mauthemewp.com\/?page_id=124","og_site_name":"duhocdinhcuduc","article_modified_time":"2024-03-26T08:57:18+00:00","og_image":[{"width":282,"height":279,"url":"https:\/\/duhoc3.mauthemewp.com\/wp-content\/uploads\/2023\/11\/logo-3caysoi.png","type":"image\/png"}],"twitter_card":"summary_large_image","twitter_misc":{"\u01af\u1edbc t\u00ednh th\u1eddi gian \u0111\u1ecdc":"1 ph\u00fat"},"schema":{"@context":"https:\/\/schema.org","@graph":[{"@type":"WebPage","@id":"https:\/\/duhoc3.mauthemewp.com\/?page_id=124","url":"https:\/\/duhoc3.mauthemewp.com\/?page_id=124","name":"Li\u00ean h\u1ec7 - duhocdinhcuduc","isPartOf":{"@id":"https:\/\/duhoc3.mauthemewp.com\/#website"},"datePublished":"2023-11-21T06:46:40+00:00","dateModified":"2024-03-26T08:57:18+00:00","breadcrumb":{"@id":"https:\/\/duhoc3.mauthemewp.com\/?page_id=124#breadcrumb"},"inLanguage":"vi","potentialAction":[{"@type":"ReadAction","target":["https:\/\/duhoc3.mauthemewp.com\/?page_id=124"]}]},{"@type":"BreadcrumbList","@id":"https:\/\/duhoc3.mauthemewp.com\/?page_id=124#breadcrumb","itemListElement":[{"@type":"ListItem","position":1,"name":"Trang ch\u1ee7","item":"https:\/\/duhoc3.mauthemewp.com\/"},{"@type":"ListItem","position":2,"name":"Li\u00ean h\u1ec7"}]},{"@type":"WebSite","@id":"https:\/\/duhoc3.mauthemewp.com\/#website","url":"https:\/\/duhoc3.mauthemewp.com\/","name":"duhocdinhcuduc","description":"","publisher":{"@id":"https:\/\/duhoc3.mauthemewp.com\/#organization"},"potentialAction":[{"@type":"SearchAction","target":{"@type":"EntryPoint","urlTemplate":"https:\/\/duhoc3.mauthemewp.com\/?s={search_term_string}"},"query-input":"required name=search_term_string"}],"inLanguage":"vi"},{"@type":"Organization","@id":"https:\/\/duhoc3.mauthemewp.com\/#organization","name":"duhocdinhcuduc","url":"https:\/\/duhoc3.mauthemewp.com\/","logo":{"@type":"ImageObject","inLanguage":"vi","@id":"https:\/\/duhoc3.mauthemewp.com\/#\/schema\/logo\/image\/","url":"https:\/\/code.webrt.net\/bacaysoigroup\/wp-content\/uploads\/2023\/11\/logo-3caysoi.png","contentUrl":"https:\/\/code.webrt.net\/bacaysoigroup\/wp-content\/uploads\/2023\/11\/logo-3caysoi.png","width":282,"height":279,"caption":"duhocdinhcuduc"},"image":{"@id":"https:\/\/duhoc3.mauthemewp.com\/#\/schema\/logo\/image\/"}}]}},"_links":{"self":[{"href":"https:\/\/duhoc3.mauthemewp.com\/index.php?rest_route=\/wp\/v2\/pages\/124"}],"collection":[{"href":"https:\/\/duhoc3.mauthemewp.com\/index.php?rest_route=\/wp\/v2\/pages"}],"about":[{"href":"https:\/\/duhoc3.mauthemewp.com\/index.php?rest_route=\/wp\/v2\/types\/page"}],"author":[{"embeddable":true,"href":"https:\/\/duhoc3.mauthemewp.com\/index.php?rest_route=\/wp\/v2\/users\/1"}],"replies":[{"embeddable":true,"href":"https:\/\/duhoc3.mauthemewp.com\/index.php?rest_route=%2Fwp%2Fv2%2Fcomments&post=124"}],"version-history":[{"count":20,"href":"https:\/\/duhoc3.mauthemewp.com\/index.php?rest_route=\/wp\/v2\/pages\/124\/revisions"}],"predecessor-version":[{"id":779,"href":"https:\/\/duhoc3.mauthemewp.com\/index.php?rest_route=\/wp\/v2\/pages\/124\/revisions\/779"}],"wp:attachment":[{"href":"https:\/\/duhoc3.mauthemewp.com\/index.php?rest_route=%2Fwp%2Fv2%2Fmedia&parent=124"}],"curies":[{"name":"wp","href":"https:\/\/api.w.org\/{rel}","templated":true}]}}